{"id":21659,"date":"2021-03-10T09:28:48","date_gmt":"2021-03-10T08:28:48","guid":{"rendered":"https:\/\/swissworkag.nextron.org\/?page_id=21659"},"modified":"2026-04-14T10:35:32","modified_gmt":"2026-04-14T08:35:32","slug":"notes-juridiques","status":"publish","type":"page","link":"https:\/\/swissworkag.ch\/fr\/notes-juridiques\/","title":{"rendered":"Notes juridiques"},"content":{"rendered":"\t\t<div data-elementor-type=\"wp-page\" data-elementor-id=\"21659\" class=\"elementor elementor-21659 elementor-38\" data-elementor-post-type=\"page\">\n\t\t\t\t\t\t<section class=\"elementor-section elementor-top-section elementor-element elementor-element-2e81926 elementor-section-stretched elementor-section-boxed elementor-section-height-default elementor-section-height-default\" data-id=\"2e81926\" data-element_type=\"section\" data-e-type=\"section\" data-settings=\"{&quot;stretch_section&quot;:&quot;section-stretched&quot;}\">\n\t\t\t\t\t\t<div class=\"elementor-container elementor-column-gap-extended\">\n\t\t\t\t\t<div class=\"elementor-column elementor-col-100 elementor-top-column elementor-element elementor-element-7ebfa76\" data-id=\"7ebfa76\" data-element_type=\"column\" data-e-type=\"column\">\n\t\t\t<div class=\"elementor-widget-wrap elementor-element-populated\">\n\t\t\t\t\t\t<div class=\"elementor-element elementor-element-9c6216e elementor-widget elementor-widget-heading\" data-id=\"9c6216e\" data-element_type=\"widget\" data-e-type=\"widget\" data-widget_type=\"heading.default\">\n\t\t\t\t\t<h2 class=\"elementor-heading-title elementor-size-default\">Responsabilit\u00e9 globale du contenu :<\/h2>\t\t\t\t<\/div>\n\t\t\t\t<div class=\"elementor-element elementor-element-9afb672 elementor-widget elementor-widget-text-editor\" data-id=\"9afb672\" data-element_type=\"widget\" data-e-type=\"widget\" data-widget_type=\"text-editor.default\">\n\t\t\t\t\t\t\t\t\t<p>SWAG Swiss Work AG<br \/>Falknerstrasse 4<br \/>CH-4001 B\u00e2le<br \/>Suisse<\/p><p>T\u00e9l\u00e9phone : <a href=\"tel:+41612616700\">+41 61 261 67 00<\/a><br \/>E-mail: <a href=\"mailto:info@swisswork.ch\">info@swisswork.ch<\/a><br \/>Web: <a href=\"https:\/\/swissworkag.ch\/fr\/\">www.swissworkag.ch<\/a><\/p>\t\t\t\t\t\t\t\t<\/div>\n\t\t\t\t\t<\/div>\n\t\t<\/div>\n\t\t\t\t\t<\/div>\n\t\t<\/section>\n\t\t\t\t<\/div>\n\t\t","protected":false},"excerpt":{"rendered":"<p>Responsabilit\u00e9 globale du contenu : SWAG Swiss Work AGFalknerstrasse 4CH-4001 B\u00e2leSuisse T\u00e9l\u00e9phone : +41 61 261 67 00E-mail: info@swisswork.chWeb: www.swissworkag.ch<\/p>\n","protected":false},"author":1,"featured_media":0,"parent":0,"menu_order":0,"comment_status":"closed","ping_status":"closed","template":"","meta":{"_acf_changed":false,"_seopress_robots_primary_cat":"","_seopress_titles_title":"Mentions l\u00e9gales et contact | Swiss Work AG B\u00e2le","_seopress_titles_desc":"Coordonn\u00e9es, adresse, t\u00e9l\u00e9phone et e-mail de Swiss Work AG ainsi que les informations l\u00e9gales de l\u2019entreprise.","_seopress_robots_index":"","footnotes":""},"class_list":["post-21659","page","type-page","status-publish","hentry"],"acf":[],"_links":{"self":[{"href":"https:\/\/swissworkag.ch\/fr\/wp-json\/wp\/v2\/pages\/21659","targetHints":{"allow":["GET"]}}],"collection":[{"href":"https:\/\/swissworkag.ch\/fr\/wp-json\/wp\/v2\/pages"}],"about":[{"href":"https:\/\/swissworkag.ch\/fr\/wp-json\/wp\/v2\/types\/page"}],"author":[{"embeddable":true,"href":"https:\/\/swissworkag.ch\/fr\/wp-json\/wp\/v2\/users\/1"}],"replies":[{"embeddable":true,"href":"https:\/\/swissworkag.ch\/fr\/wp-json\/wp\/v2\/comments?post=21659"}],"version-history":[{"count":14,"href":"https:\/\/swissworkag.ch\/fr\/wp-json\/wp\/v2\/pages\/21659\/revisions"}],"predecessor-version":[{"id":62785,"href":"https:\/\/swissworkag.ch\/fr\/wp-json\/wp\/v2\/pages\/21659\/revisions\/62785"}],"wp:attachment":[{"href":"https:\/\/swissworkag.ch\/fr\/wp-json\/wp\/v2\/media?parent=21659"}],"curies":[{"name":"wp","href":"https:\/\/api.w.org\/{rel}","templated":true}]}}