{"id":21653,"date":"2021-03-10T07:56:51","date_gmt":"2021-03-10T06:56:51","guid":{"rendered":"https:\/\/swissworkag.nextron.org\/?page_id=21653"},"modified":"2026-04-14T10:35:04","modified_gmt":"2026-04-14T08:35:04","slug":"declaration-de-protection-des-donnees","status":"publish","type":"page","link":"https:\/\/swissworkag.ch\/fr\/declaration-de-protection-des-donnees\/","title":{"rendered":"D\u00e9claration de protection des donn\u00e9es"},"content":{"rendered":"\t\t<div data-elementor-type=\"wp-page\" data-elementor-id=\"21653\" class=\"elementor elementor-21653 elementor-8605\" data-elementor-post-type=\"page\">\n\t\t\t\t<div class=\"elementor-element elementor-element-76992605 e-flex e-con-boxed e-con e-parent\" data-id=\"76992605\" data-element_type=\"container\" data-e-type=\"container\">\n\t\t\t\t\t<div class=\"e-con-inner\">\n\t\t\t\t<div class=\"elementor-element elementor-element-50dba2c1 elementor-widget elementor-widget-text-editor\" data-id=\"50dba2c1\" data-element_type=\"widget\" data-e-type=\"widget\" data-widget_type=\"text-editor.default\">\n\t\t\t\t\t\t\t\t\t<p><strong>Informations sur la s\u00e9curit\u00e9 des donn\u00e9es<br \/><\/strong>SWAG Swiss Work AG s\u2019engage \u00e0 prot\u00e9ger vos donn\u00e9es personnelles et \u00e0 d\u00e9velopper en permanence son site internet afin de vous fournir des informations sur ses services avec un niveau maximal de performance et de s\u00e9curit\u00e9. Vous pouvez visiter la plupart des pages de notre site sans communiquer de donn\u00e9es personnelles. Toutefois, dans certains cas, certaines informations sont n\u00e9cessaires afin de pouvoir fournir les services demand\u00e9s.<br \/>La pr\u00e9sente d\u00e9claration explique le stockage et l\u2019utilisation de vos donn\u00e9es dans ces cas. En utilisant ces pages, vous acceptez l\u2019utilisation de vos donn\u00e9es conform\u00e9ment \u00e0 cette d\u00e9claration.<\/p><p><strong>Collecte de vos donn\u00e9es personnelles<br \/><\/strong>Si des informations sont n\u00e9cessaires pour identifier votre personne, votre profil personnel ou pour vous contacter, il vous sera demand\u00e9 de confirmer l\u2019envoi de vos donn\u00e9es et vous en serez explicitement inform\u00e9.<br \/>En r\u00e8gle g\u00e9n\u00e9rale, ces donn\u00e9es sont demand\u00e9es lors d\u2019une inscription. Les donn\u00e9es collect\u00e9es par SWAG Swiss Work AG se limitent g\u00e9n\u00e9ralement \u00e0 votre nom, votre adresse e-mail et la langue choisie. Des donn\u00e9es suppl\u00e9mentaires ne sont collect\u00e9es que si elles sont n\u00e9cessaires \u00e0 la fourniture de certains services.<\/p><p><strong>Utilisation des donn\u00e9es personnelles<br \/><\/strong>Vos donn\u00e9es personnelles sont utilis\u00e9es aux fins suivantes :<\/p><ol><li>Faciliter l\u2019utilisation du site : vous ne devez saisir vos donn\u00e9es personnelles qu\u2019une seule fois.<\/li><li>Nous permettre de compiler et de proposer des contenus personnalis\u00e9s adapt\u00e9s \u00e0 vos besoins.<\/li><li>Vous informer des actualit\u00e9s de SWAG Swiss Work AG.<\/li><\/ol><p>Les donn\u00e9es collect\u00e9es sur le site de SWAG Swiss Work AG sont utilis\u00e9es exclusivement au sein de SWAG Swiss Work AG et ne sont pas transmises \u00e0 des tiers.<\/p><p>Vos donn\u00e9es personnelles ne seront divulgu\u00e9es sans notification pr\u00e9alable que si nous y sommes l\u00e9galement tenus ou si nous estimons qu\u2019une telle obligation existe, notamment :<\/p><ul><li>pour respecter des obligations l\u00e9gales ou nous d\u00e9fendre contre des actions en justice,<\/li><li>pour prot\u00e9ger et pr\u00e9server les droits de propri\u00e9t\u00e9 de SWAG Swiss Work AG et de ses sites internet.<\/li><\/ul><p><strong>Contr\u00f4le de vos donn\u00e9es personnelles<br \/><\/strong>Si vous vous enregistrez ou nous transmettez des donn\u00e9es personnelles d\u2019une autre mani\u00e8re, celles-ci ne seront transmises \u00e0 des tiers qu\u2019avec votre consentement explicite, sous r\u00e9serve des restrictions mentionn\u00e9es ci-dessus. Les donn\u00e9es sont utilis\u00e9es exclusivement aux fins indiqu\u00e9es.<\/p><p><strong>Acc\u00e8s \u00e0 vos donn\u00e9es personnelles<br \/><\/strong>Nous mettons \u00e0 votre disposition les moyens n\u00e9cessaires pour maintenir vos donn\u00e9es personnelles \u00e0 jour.<\/p><p><strong>S\u00e9curit\u00e9 des donn\u00e9es personnelles<br \/><\/strong>Nous accordons une grande importance \u00e0 la s\u00e9curit\u00e9 de vos donn\u00e9es personnelles et \u00e0 leur utilisation exclusive aux fins que vous avez demand\u00e9es. Nous prot\u00e9geons consciencieusement vos donn\u00e9es contre la perte, l\u2019abus, l\u2019acc\u00e8s non autoris\u00e9, la divulgation non autoris\u00e9e, la falsification ou la destruction.<\/p><p>Sans votre consentement, vos donn\u00e9es personnelles ne sont en aucun cas transmises \u00e0 des tiers en dehors de l\u2019entreprise, sauf dans les conditions mentionn\u00e9es ci-dessus. Au sein de l\u2019entreprise, vos donn\u00e9es sont stock\u00e9es sur des serveurs prot\u00e9g\u00e9s par mot de passe, accessibles uniquement \u00e0 un cercle restreint de personnes.<br \/>Vous jouez \u00e9galement un r\u00f4le essentiel dans la protection de vos donn\u00e9es. Seule la connaissance de votre nom d\u2019utilisateur et de votre mot de passe (\u00e9ventuellement aussi SecureID) permet l\u2019acc\u00e8s ou la modification de vos donn\u00e9es personnelles. Ne communiquez jamais vos identifiants \u00e0 des tiers.<\/p><p><strong>Utilisation des cookies<br \/><\/strong>Lorsque vous visitez l\u2019une de nos pages, un cookie est enregistr\u00e9 sur votre ordinateur (si les param\u00e8tres de votre navigateur autorisent le stockage des cookies). Si vous avez d\u00e9j\u00e0 visit\u00e9 le site, ce cookie sera lu.<\/p><p>Nous utilisons \u00e9galement des cookies dans le cadre de l\u2019utilisation de votre profil utilisateur.<\/p><p>Si vous configurez votre navigateur de mani\u00e8re \u00e0 emp\u00eacher le site de SWAG Swiss Work AG d\u2019installer des cookies, vous pourrez consulter le contenu textuel des pages, mais vous ne pourrez pas conserver une session personnalis\u00e9e ni utiliser un ou plusieurs services propos\u00e9s sur le site.<\/p><p><strong>Modifications de ces informations<br \/><\/strong>Ces informations relatives \u00e0 la protection des donn\u00e9es sont r\u00e9guli\u00e8rement mises \u00e0 jour. Dans ce cas, la date de la \u00ab derni\u00e8re mise \u00e0 jour \u00bb sera \u00e9galement modifi\u00e9e en d\u00e9but de document. En cas de modifications fondamentales, vous en serez inform\u00e9 de mani\u00e8re clairement visible sur le site internet.<\/p><p>Informations de contact<\/p><p>Nous accueillons volontiers vos remarques concernant ces informations sur la protection des donn\u00e9es. Veuillez nous contacter par e-mail ou par courrier :<\/p><p>SWAG Swiss Work AG<br \/>Falknerstrasse 4<br \/>CH-4001 B\u00e2le<br \/>Suisse<\/p><p>T\u00e9l\u00e9phone : <a href=\"tel:+41612616700\">+41 61 261 67 00<\/a><br \/>E-mail: <a href=\"mailto:info@swisswork.ch\">info@swisswork.ch<\/a><br \/>Web: <a href=\"https:\/\/swissworkag.ch\/fr\/\">www.swissworkag.ch<\/a><\/p><p>Bien entendu, vous pouvez \u00e9galement vous adresser \u00e0 nos <a href=\"https:\/\/swissworkag.ch\/fr\/sites\/\">filiales<\/a> pour toute question relative \u00e0 la protection des donn\u00e9es.<\/p>\t\t\t\t\t\t\t\t<\/div>\n\t\t\t\t\t<\/div>\n\t\t\t\t<\/div>\n\t\t\t\t<\/div>\n\t\t","protected":false},"excerpt":{"rendered":"<p>Informations sur la s\u00e9curit\u00e9 des donn\u00e9esSWAG Swiss Work AG s\u2019engage \u00e0 prot\u00e9ger vos donn\u00e9es personnelles et \u00e0 d\u00e9velopper en permanence son site internet afin de vous fournir des informations sur ses services avec un niveau maximal de performance et de s\u00e9curit\u00e9. Vous pouvez visiter la plupart des pages de notre site sans communiquer de donn\u00e9es [&hellip;]<\/p>\n","protected":false},"author":1,"featured_media":0,"parent":0,"menu_order":0,"comment_status":"closed","ping_status":"closed","template":"","meta":{"_acf_changed":false,"_seopress_robots_primary_cat":"","_seopress_titles_title":"D\u00e9claration de confidentialit\u00e9 et protection des donn\u00e9es | Swiss Work AG","_seopress_titles_desc":"D\u00e9couvrez comment Swiss Work AG prot\u00e8ge, traite et stocke vos donn\u00e9es personnelles.","_seopress_robots_index":"","footnotes":""},"class_list":["post-21653","page","type-page","status-publish","hentry"],"acf":[],"_links":{"self":[{"href":"https:\/\/swissworkag.ch\/fr\/wp-json\/wp\/v2\/pages\/21653","targetHints":{"allow":["GET"]}}],"collection":[{"href":"https:\/\/swissworkag.ch\/fr\/wp-json\/wp\/v2\/pages"}],"about":[{"href":"https:\/\/swissworkag.ch\/fr\/wp-json\/wp\/v2\/types\/page"}],"author":[{"embeddable":true,"href":"https:\/\/swissworkag.ch\/fr\/wp-json\/wp\/v2\/users\/1"}],"replies":[{"embeddable":true,"href":"https:\/\/swissworkag.ch\/fr\/wp-json\/wp\/v2\/comments?post=21653"}],"version-history":[{"count":13,"href":"https:\/\/swissworkag.ch\/fr\/wp-json\/wp\/v2\/pages\/21653\/revisions"}],"predecessor-version":[{"id":62808,"href":"https:\/\/swissworkag.ch\/fr\/wp-json\/wp\/v2\/pages\/21653\/revisions\/62808"}],"wp:attachment":[{"href":"https:\/\/swissworkag.ch\/fr\/wp-json\/wp\/v2\/media?parent=21653"}],"curies":[{"name":"wp","href":"https:\/\/api.w.org\/{rel}","templated":true}]}}