{"id":21648,"date":"2025-11-28T13:20:09","date_gmt":"2025-11-28T12:20:09","guid":{"rendered":"https:\/\/swissworkag.nextron.org\/?page_id=21648"},"modified":"2026-04-14T10:34:29","modified_gmt":"2026-04-14T08:34:29","slug":"mentions-legales","status":"publish","type":"page","link":"https:\/\/swissworkag.ch\/fr\/mentions-legales\/","title":{"rendered":"Mentions l\u00e9gales"},"content":{"rendered":"\t\t<div data-elementor-type=\"wp-page\" data-elementor-id=\"21648\" class=\"elementor elementor-21648 elementor-11388\" data-elementor-post-type=\"page\">\n\t\t\t\t<div class=\"elementor-element elementor-element-76992605 e-flex e-con-boxed e-con e-parent\" data-id=\"76992605\" data-element_type=\"container\" data-e-type=\"container\">\n\t\t\t\t\t<div class=\"e-con-inner\">\n\t\t\t\t<div class=\"elementor-element elementor-element-50dba2c1 elementor-widget elementor-widget-text-editor\" data-id=\"50dba2c1\" data-element_type=\"widget\" data-e-type=\"widget\" data-widget_type=\"text-editor.default\">\n\t\t\t\t\t\t\t\t\t<p><strong>Exclusion de responsabilit\u00e9<\/strong> <br \/>Les contenus pr\u00e9sent\u00e9s ont \u00e9t\u00e9 \u00e9labor\u00e9s et v\u00e9rifi\u00e9s avec le plus grand soin. Toutefois, aucune garantie n\u2019est donn\u00e9e quant \u00e0 l\u2019actualit\u00e9, l\u2019exactitude, l\u2019exhaustivit\u00e9 ou la qualit\u00e9 des informations fournies.<\/p><p><strong>R\u00e9f\u00e9rences et liens<\/strong><br \/>Nous ne sommes pas responsables des contenus externes auxquels renvoient les sites web de SWAG Swiss Work AG. SWAG Swiss Work AG d\u00e9clare express\u00e9ment qu\u2019au moment de la mise en place des liens, aucun contenu ill\u00e9gal n\u2019\u00e9tait identifiable sur les pages li\u00e9es.<\/p><p><strong>Mentions l\u00e9gales et droits d\u2019auteur<\/strong><\/p><p><strong>1. Contenu de l\u2019offre en ligne<\/strong><\/p><p>L\u2019auteur n\u2019assume aucune responsabilit\u00e9 quant \u00e0 l\u2019actualit\u00e9, l\u2019exactitude, l\u2019exhaustivit\u00e9 ou la qualit\u00e9 des informations fournies. Toute r\u00e9clamation en responsabilit\u00e9 \u00e0 l\u2019encontre de l\u2019auteur concernant des dommages mat\u00e9riels ou immat\u00e9riels caus\u00e9s par l\u2019utilisation ou la non-utilisation des informations propos\u00e9es ou par l\u2019utilisation d\u2019informations erron\u00e9es ou incompl\u00e8tes est fondamentalement exclue, sauf en cas de faute intentionnelle ou de n\u00e9gligence grave prouv\u00e9e de la part de l\u2019auteur.<br \/>Toutes les offres sont sans engagement et non contraignantes. L\u2019auteur se r\u00e9serve express\u00e9ment le droit de modifier, compl\u00e9ter, supprimer ou interrompre temporairement ou d\u00e9finitivement tout ou partie des pages sans pr\u00e9avis.<\/p><p><strong>2. R\u00e9f\u00e9rences et liens<br \/><\/strong>En cas de r\u00e9f\u00e9rences directes ou indirectes \u00e0 des sites internet externes (\u00ab liens \u00bb) situ\u00e9s en dehors du champ de responsabilit\u00e9 de l\u2019auteur, une obligation de responsabilit\u00e9 n\u2019entrerait en vigueur que si l\u2019auteur avait connaissance des contenus et s\u2019il lui \u00e9tait techniquement possible et raisonnable d\u2019emp\u00eacher leur utilisation en cas de contenus illicites.<br \/><br \/>L\u2019auteur d\u00e9clare donc express\u00e9ment qu\u2019au moment de la cr\u00e9ation des liens, les pages correspondantes \u00e9taient exemptes de contenus ill\u00e9gaux. L\u2019auteur n\u2019a aucune influence sur la conception actuelle ou future ni sur le contenu des pages li\u00e9es. Il se distancie donc express\u00e9ment de tous les contenus des pages li\u00e9es qui ont \u00e9t\u00e9 modifi\u00e9s apr\u00e8s la cr\u00e9ation des liens.<br \/><br \/>Cette d\u00e9claration s\u2019applique \u00e0 tous les liens et renvois au sein de l\u2019offre internet de l\u2019auteur ainsi qu\u2019aux contributions de tiers dans les livres d\u2019or, forums de discussion et listes de diffusion mis en place par l\u2019auteur. La responsabilit\u00e9 pour les contenus ill\u00e9gaux, incorrects ou incomplets et notamment pour les dommages r\u00e9sultant de l\u2019utilisation ou de la non-utilisation de telles informations incombe exclusivement au fournisseur de la page \u00e0 laquelle il est fait r\u00e9f\u00e9rence.<\/p><p><strong>3. Droit d\u2019auteur et droit des marques<br \/><\/strong>L\u2019auteur s\u2019efforce de respecter les droits d\u2019auteur des graphiques, documents audio, s\u00e9quences vid\u00e9o et textes utilis\u00e9s dans toutes les publications, d\u2019utiliser ses propres cr\u00e9ations ou de recourir \u00e0 des contenus libres de droits.<br \/><br \/>Toutes les marques et marques d\u00e9pos\u00e9es mentionn\u00e9es dans l\u2019offre internet et \u00e9ventuellement prot\u00e9g\u00e9es par des tiers sont soumises sans restriction aux dispositions du droit des marques en vigueur et aux droits de propri\u00e9t\u00e9 des propri\u00e9taires enregistr\u00e9s respectifs. La simple mention d\u2019une marque ne permet pas de conclure qu\u2019elle n\u2019est pas prot\u00e9g\u00e9e par des droits de tiers.<br \/>Les droits d\u2019auteur sur les \u0153uvres publi\u00e9es et cr\u00e9\u00e9es par l\u2019auteur restent exclusivement la propri\u00e9t\u00e9 de celui-ci. Toute reproduction ou utilisation de tels graphiques, documents audio, s\u00e9quences vid\u00e9o et textes dans d\u2019autres publications \u00e9lectroniques ou imprim\u00e9es n\u2019est pas autoris\u00e9e sans l\u2019accord expr\u00e8s de l\u2019auteur.<\/p><p><strong>4. Validit\u00e9 juridique de cette exclusion de responsabilit\u00e9<br \/><\/strong>Cette exclusion de responsabilit\u00e9 fait partie int\u00e9grante de l\u2019offre internet \u00e0 partir de laquelle il a \u00e9t\u00e9 fait r\u00e9f\u00e9rence \u00e0 cette page. Si certaines parties ou formulations de ce texte ne devaient plus ou pas enti\u00e8rement correspondre \u00e0 la l\u00e9gislation en vigueur, les autres parties du document n\u2019en seraient pas affect\u00e9es dans leur contenu et leur validit\u00e9.<\/p><p><strong>5. Copyright et noms de marques<br \/><\/strong>Tous les graphiques, photos, textes, fichiers et applications sont prot\u00e9g\u00e9s par le \u00a9 copyright de SWAG Swiss Work AG.<br \/><br \/>Toutes les marques et marques d\u00e9pos\u00e9es mentionn\u00e9es dans l\u2019offre internet de SWAG Swiss Work AG et \u00e9ventuellement prot\u00e9g\u00e9es par des tiers sont soumises sans restriction aux dispositions du droit des marques en vigueur et aux droits de propri\u00e9t\u00e9 des propri\u00e9taires enregistr\u00e9s respectifs.<\/p><p>La version allemande fait foi juridiquement.<br \/>Les autres versions linguistiques sont fournies \u00e0 titre informatif uniquement.<\/p><p>Toute r\u00e9utilisation est interdite.<br \/>Tous droits r\u00e9serv\u00e9s.<\/p>\t\t\t\t\t\t\t\t<\/div>\n\t\t\t\t\t<\/div>\n\t\t\t\t<\/div>\n\t\t\t\t<\/div>\n\t\t","protected":false},"excerpt":{"rendered":"<p>Exclusion de responsabilit\u00e9 Les contenus pr\u00e9sent\u00e9s ont \u00e9t\u00e9 \u00e9labor\u00e9s et v\u00e9rifi\u00e9s avec le plus grand soin. Toutefois, aucune garantie n\u2019est donn\u00e9e quant \u00e0 l\u2019actualit\u00e9, l\u2019exactitude, l\u2019exhaustivit\u00e9 ou la qualit\u00e9 des informations fournies. R\u00e9f\u00e9rences et liensNous ne sommes pas responsables des contenus externes auxquels renvoient les sites web de SWAG Swiss Work AG. SWAG Swiss Work [&hellip;]<\/p>\n","protected":false},"author":1,"featured_media":0,"parent":0,"menu_order":0,"comment_status":"closed","ping_status":"closed","template":"","meta":{"_acf_changed":false,"_seopress_robots_primary_cat":"","_seopress_titles_title":"Mentions l\u00e9gales et exclusion de responsabilit\u00e9 | Swiss Work AG","_seopress_titles_desc":"Mentions l\u00e9gales de Swiss Work AG avec informations sur la responsabilit\u00e9, les droits d\u2019auteur et les liens externes.","_seopress_robots_index":"","footnotes":""},"class_list":["post-21648","page","type-page","status-publish","hentry"],"acf":[],"_links":{"self":[{"href":"https:\/\/swissworkag.ch\/fr\/wp-json\/wp\/v2\/pages\/21648","targetHints":{"allow":["GET"]}}],"collection":[{"href":"https:\/\/swissworkag.ch\/fr\/wp-json\/wp\/v2\/pages"}],"about":[{"href":"https:\/\/swissworkag.ch\/fr\/wp-json\/wp\/v2\/types\/page"}],"author":[{"embeddable":true,"href":"https:\/\/swissworkag.ch\/fr\/wp-json\/wp\/v2\/users\/1"}],"replies":[{"embeddable":true,"href":"https:\/\/swissworkag.ch\/fr\/wp-json\/wp\/v2\/comments?post=21648"}],"version-history":[{"count":4,"href":"https:\/\/swissworkag.ch\/fr\/wp-json\/wp\/v2\/pages\/21648\/revisions"}],"predecessor-version":[{"id":21652,"href":"https:\/\/swissworkag.ch\/fr\/wp-json\/wp\/v2\/pages\/21648\/revisions\/21652"}],"wp:attachment":[{"href":"https:\/\/swissworkag.ch\/fr\/wp-json\/wp\/v2\/media?parent=21648"}],"curies":[{"name":"wp","href":"https:\/\/api.w.org\/{rel}","templated":true}]}}