{"id":21643,"date":"2025-11-25T12:55:18","date_gmt":"2025-11-25T11:55:18","guid":{"rendered":"https:\/\/swissworkag.nextron.org\/?page_id=21643"},"modified":"2026-04-14T10:34:12","modified_gmt":"2026-04-14T08:34:12","slug":"a-propos-de-nous","status":"publish","type":"page","link":"https:\/\/swissworkag.ch\/fr\/a-propos-de-nous\/","title":{"rendered":"\u00c0 propos de nous"},"content":{"rendered":"\t\t<div data-elementor-type=\"wp-page\" data-elementor-id=\"21643\" class=\"elementor elementor-21643 elementor-10377\" data-elementor-post-type=\"page\">\n\t\t\t\t<div class=\"elementor-element elementor-element-9f3a48d e-con-full e-flex e-con e-parent\" data-id=\"9f3a48d\" data-element_type=\"container\" data-e-type=\"container\" data-settings=\"{&quot;background_background&quot;:&quot;classic&quot;}\">\n\t\t\t\t<div class=\"elementor-element elementor-element-56ff909 elementor-widget elementor-widget-text-editor\" data-id=\"56ff909\" data-element_type=\"widget\" data-e-type=\"widget\" data-widget_type=\"text-editor.default\">\n\t\t\t\t\t\t\t\t\t<p>\u00ab Depuis 2008, nous mettons en relation les entreprises avec les collaborateurs qui leur correspondent. Nous connaissons le march\u00e9 du travail suisse et comprenons les d\u00e9fis quotidiens de nos clients et candidats.<\/p><p>C\u2019est pourquoi nous misons sur des solutions pragmatiques, une communication directe et des partenariats \u00e0 long terme. Nos points forts r\u00e9sident dans une connaissance approfondie du march\u00e9, un vaste vivier de talents et un accompagnement personnel fiable.<\/p><p>L\u2019humain est au c\u0153ur de notre action. Nous prenons le temps de conna\u00eetre personnellement chaque candidature et chaque entreprise. Cela nous permet de comprendre les motivations et besoins individuels des candidats comme des entreprises. Des processus clairs, combin\u00e9s \u00e0 plus de 15 ans d\u2019exp\u00e9rience, constituent le fondement de notre travail. \u00bb<\/p>\t\t\t\t\t\t\t\t<\/div>\n\t\t\t\t<\/div>\n\t\t<div class=\"elementor-element elementor-element-7e854aa e-flex e-con-boxed e-con e-parent\" data-id=\"7e854aa\" data-element_type=\"container\" data-e-type=\"container\" data-settings=\"{&quot;background_background&quot;:&quot;classic&quot;}\">\n\t\t\t\t\t<div class=\"e-con-inner\">\n\t\t\t\t<div class=\"elementor-element elementor-element-7ea5368 elementor-widget elementor-widget-heading\" data-id=\"7ea5368\" data-element_type=\"widget\" data-e-type=\"widget\" data-widget_type=\"heading.default\">\n\t\t\t\t\t<h2 class=\"elementor-heading-title elementor-size-default\">Nos valeurs<\/h2>\t\t\t\t<\/div>\n\t\t\t\t\t<\/div>\n\t\t\t\t<\/div>\n\t\t<div class=\"elementor-element elementor-element-271052f e-flex e-con-boxed e-con e-parent\" data-id=\"271052f\" data-element_type=\"container\" data-e-type=\"container\">\n\t\t\t\t\t<div class=\"e-con-inner\">\n\t\t<div class=\"elementor-element elementor-element-5c0918d e-con-full e-flex e-con e-child\" data-id=\"5c0918d\" data-element_type=\"container\" data-e-type=\"container\">\n\t\t\t\t<div class=\"elementor-element elementor-element-c081183 elementor-widget elementor-widget-text-editor\" data-id=\"c081183\" data-element_type=\"widget\" data-e-type=\"widget\" data-widget_type=\"text-editor.default\">\n\t\t\t\t\t\t\t\t\t<h4><strong>Estime<\/strong><\/h4>\nNotre collaboration repose sur le respect mutuel, la reconnaissance et la confiance.\n\t\t\t\t\t\t\t\t<\/div>\n\t\t\t\t<\/div>\n\t\t<div class=\"elementor-element elementor-element-fb2fbbd e-con-full e-flex e-con e-child\" data-id=\"fb2fbbd\" data-element_type=\"container\" data-e-type=\"container\">\n\t\t\t\t<div class=\"elementor-element elementor-element-150bf4d elementor-widget elementor-widget-text-editor\" data-id=\"150bf4d\" data-element_type=\"widget\" data-e-type=\"widget\" data-widget_type=\"text-editor.default\">\n\t\t\t\t\t\t\t\t\t<h4><strong>Simplicit\u00e9<\/strong><\/h4>\nNous d\u00e9fendons des solutions pragmatiques, des processus d\u00e9cisionnels courts et des r\u00e9actions rapides.\t\t\t\t\t\t\t\t<\/div>\n\t\t\t\t<\/div>\n\t\t<div class=\"elementor-element elementor-element-2dccd1b e-con-full e-flex e-con e-child\" data-id=\"2dccd1b\" data-element_type=\"container\" data-e-type=\"container\">\n\t\t\t\t<div class=\"elementor-element elementor-element-8703082 elementor-widget elementor-widget-text-editor\" data-id=\"8703082\" data-element_type=\"widget\" data-e-type=\"widget\" data-widget_type=\"text-editor.default\">\n\t\t\t\t\t\t\t\t\t<h4><strong>Personnel<\/strong><\/h4>\nNous privil\u00e9gions des relations directes et personnelles. Votre interlocuteur reste le m\u00eame. Cela cr\u00e9e confiance et compr\u00e9hension.\t\t\t\t\t\t\t\t<\/div>\n\t\t\t\t<\/div>\n\t\t<div class=\"elementor-element elementor-element-6dcb8da e-con-full e-flex e-con e-child\" data-id=\"6dcb8da\" data-element_type=\"container\" data-e-type=\"container\">\n\t\t\t\t<div class=\"elementor-element elementor-element-f3e6cef elementor-widget elementor-widget-text-editor\" data-id=\"f3e6cef\" data-element_type=\"widget\" data-e-type=\"widget\" data-widget_type=\"text-editor.default\">\n\t\t\t\t\t\t\t\t\t<h4><strong>Fiabilit\u00e9<\/strong><\/h4>\nVous pouvez compter sur notre parole et sur une collaboration durable.\t\t\t\t\t\t\t\t<\/div>\n\t\t\t\t<\/div>\n\t\t\t\t\t<\/div>\n\t\t\t\t<\/div>\n\t\t<div class=\"elementor-element elementor-element-6feb17a3 e-flex e-con-boxed e-con e-parent\" data-id=\"6feb17a3\" data-element_type=\"container\" data-e-type=\"container\">\n\t\t\t\t\t<div class=\"e-con-inner\">\n\t\t<div class=\"elementor-element elementor-element-3f5cb78a e-con-full e-flex e-con e-child\" data-id=\"3f5cb78a\" data-element_type=\"container\" data-e-type=\"container\" data-settings=\"{&quot;background_background&quot;:&quot;classic&quot;}\">\n\t\t\t\t<div class=\"elementor-element elementor-element-31c88dc4 elementor-widget elementor-widget-heading\" data-id=\"31c88dc4\" data-element_type=\"widget\" data-e-type=\"widget\" data-widget_type=\"heading.default\">\n\t\t\t\t\t<h2 class=\"elementor-heading-title elementor-size-default\">Int\u00e9ress\u00e9 par nos services ?<\/h2>\t\t\t\t<\/div>\n\t\t\t\t<div class=\"elementor-element elementor-element-3a20584c elementor-align-center elementor-widget elementor-widget-button\" data-id=\"3a20584c\" data-element_type=\"widget\" data-e-type=\"widget\" data-widget_type=\"button.default\">\n\t\t\t\t\t\t\t\t\t\t<a class=\"elementor-button elementor-button-link elementor-size-sm\" href=\"\/fr\/services\/#formular\" form=\"\">\n\t\t\t\t\t\t<span class=\"elementor-button-content-wrapper\">\n\t\t\t\t\t\t\t\t\t<span class=\"elementor-button-text\">Vers le formulaire de demande<\/span>\n\t\t\t\t\t<\/span>\n\t\t\t\t\t<\/a>\n\t\t\t\t\t\t\t\t<\/div>\n\t\t\t\t<\/div>\n\t\t\t\t\t<\/div>\n\t\t\t\t<\/div>\n\t\t\t\t<\/div>\n\t\t","protected":false},"excerpt":{"rendered":"<p>\u00ab Depuis 2008, nous mettons en relation les entreprises avec les collaborateurs qui leur correspondent. Nous connaissons le march\u00e9 du travail suisse et comprenons les d\u00e9fis quotidiens de nos clients et candidats. C\u2019est pourquoi nous misons sur des solutions pragmatiques, une communication directe et des partenariats \u00e0 long terme. Nos points forts r\u00e9sident dans une [&hellip;]<\/p>\n","protected":false},"author":1,"featured_media":0,"parent":0,"menu_order":0,"comment_status":"closed","ping_status":"closed","template":"","meta":{"_acf_changed":false,"_seopress_robots_primary_cat":"","_seopress_titles_title":"\u00c0 propos de Swiss Work AG \u2013 Votre partenaire recrutement","_seopress_titles_desc":"D\u00e9couvrez Swiss Work AG, votre partenaire exp\u00e9riment\u00e9 pour les emplois temporaires, fixes et le recrutement en Suisse.","_seopress_robots_index":"","footnotes":""},"class_list":["post-21643","page","type-page","status-publish","hentry"],"acf":[],"_links":{"self":[{"href":"https:\/\/swissworkag.ch\/fr\/wp-json\/wp\/v2\/pages\/21643","targetHints":{"allow":["GET"]}}],"collection":[{"href":"https:\/\/swissworkag.ch\/fr\/wp-json\/wp\/v2\/pages"}],"about":[{"href":"https:\/\/swissworkag.ch\/fr\/wp-json\/wp\/v2\/types\/page"}],"author":[{"embeddable":true,"href":"https:\/\/swissworkag.ch\/fr\/wp-json\/wp\/v2\/users\/1"}],"replies":[{"embeddable":true,"href":"https:\/\/swissworkag.ch\/fr\/wp-json\/wp\/v2\/comments?post=21643"}],"version-history":[{"count":5,"href":"https:\/\/swissworkag.ch\/fr\/wp-json\/wp\/v2\/pages\/21643\/revisions"}],"predecessor-version":[{"id":67699,"href":"https:\/\/swissworkag.ch\/fr\/wp-json\/wp\/v2\/pages\/21643\/revisions\/67699"}],"wp:attachment":[{"href":"https:\/\/swissworkag.ch\/fr\/wp-json\/wp\/v2\/media?parent=21643"}],"curies":[{"name":"wp","href":"https:\/\/api.w.org\/{rel}","templated":true}]}}