{"id":21635,"date":"2025-12-17T12:22:37","date_gmt":"2025-12-17T11:22:37","guid":{"rendered":"https:\/\/swissworkag.nextron.org\/?page_id=21635"},"modified":"2026-04-14T10:33:55","modified_gmt":"2026-04-14T08:33:55","slug":"region-du-tessin","status":"publish","type":"page","link":"https:\/\/swissworkag.ch\/fr\/sites\/region-du-tessin\/","title":{"rendered":"R\u00e9gion du Tessin"},"content":{"rendered":"\t\t<div data-elementor-type=\"wp-page\" data-elementor-id=\"21635\" class=\"elementor elementor-21635 elementor-12838\" data-elementor-post-type=\"page\">\n\t\t\t\t<div class=\"elementor-element elementor-element-f934b52 e-flex e-con-boxed e-con e-parent\" data-id=\"f934b52\" data-element_type=\"container\" data-e-type=\"container\" data-settings=\"{&quot;background_background&quot;:&quot;classic&quot;}\">\n\t\t\t\t\t<div class=\"e-con-inner\">\n\t\t<div class=\"elementor-element elementor-element-d70d034 e-con-full e-flex e-con e-child\" data-id=\"d70d034\" data-element_type=\"container\" data-e-type=\"container\" data-settings=\"{&quot;background_background&quot;:&quot;classic&quot;}\">\n\t\t\t\t<div class=\"elementor-element elementor-element-2aae44c elementor-widget elementor-widget-text-editor\" data-id=\"2aae44c\" data-element_type=\"widget\" data-e-type=\"widget\" data-widget_type=\"text-editor.default\">\n\t\t\t\t\t\t\t\t\t<p><strong>Swiss Work SA<\/strong><br \/><strong>Palazzo Gaja<\/strong><br \/><strong>Via Pian Scairolo 11<\/strong><br \/><strong>6915 Pambio Noranco (Lugano)<\/strong><br \/>T\u00e9l 091 986 70 00<br \/>Fax 091 986 70 01<br \/><a href=\"mailto:lugano@swissworkag.ch\">lugano@swissworkag.ch<\/a><\/p>\t\t\t\t\t\t\t\t<\/div>\n\t\t\t\t<\/div>\n\t\t<div class=\"elementor-element elementor-element-db3daf8 e-con-full e-flex e-con e-child\" data-id=\"db3daf8\" data-element_type=\"container\" data-e-type=\"container\" data-settings=\"{&quot;background_background&quot;:&quot;classic&quot;}\">\n\t\t\t\t<div class=\"elementor-element elementor-element-d793d2c elementor-widget elementor-widget-google_maps\" data-id=\"d793d2c\" data-element_type=\"widget\" data-e-type=\"widget\" data-widget_type=\"google_maps.default\">\n\t\t\t\t\t\t\t<div class=\"elementor-custom-embed\">\n\t\t\t<iframe loading=\"lazy\"\n\t\t\t\t\tsrc=\"https:\/\/maps.google.com\/maps?q=Swiss%20Work%20SA%20Palazzo%20Gaja%20Via%20Pian%20Scairolo%2011%206915%20Pambio%20Noranco%20%28Lugano%29%20&#038;t=m&#038;z=15&#038;output=embed&#038;iwloc=near\"\n\t\t\t\t\ttitle=\"Swiss Work SA Palazzo Gaja Via Pian Scairolo 11 6915 Pambio Noranco (Lugano) \"\n\t\t\t\t\taria-label=\"Swiss Work SA Palazzo Gaja Via Pian Scairolo 11 6915 Pambio Noranco (Lugano) \"\n\t\t\t><\/iframe>\n\t\t<\/div>\n\t\t\t\t\t\t<\/div>\n\t\t\t\t<\/div>\n\t\t\t\t\t<\/div>\n\t\t\t\t<\/div>\n\t\t<div class=\"elementor-element elementor-element-175325e e-con-full e-grid e-con e-parent\" data-id=\"175325e\" data-element_type=\"container\" data-e-type=\"container\">\n\t\t<div class=\"elementor-element elementor-element-2dac48a e-con-full e-flex e-con e-child\" data-id=\"2dac48a\" data-element_type=\"container\" data-e-type=\"container\" data-settings=\"{&quot;background_background&quot;:&quot;classic&quot;}\">\n\t\t\t\t<div class=\"elementor-element elementor-element-fb5b055 elementor-widget elementor-widget-image\" data-id=\"fb5b055\" data-element_type=\"widget\" data-e-type=\"widget\" data-widget_type=\"image.default\">\n\t\t\t\t\t\t\t\t\t\t\t\t\t\t\t\t<a href=\"\/standorte\/basel\">\n\t\t\t\t\t\t\t<img alt=\"\" fetchpriority=\"high\" decoding=\"async\" width=\"660\" height=\"660\" src=\"https:\/\/swissworkag.ch\/wp-content\/uploads\/2026\/03\/Gfds.png\" class=\"attachment-large size-large wp-image-35540\" alt=\"\" srcset=\"https:\/\/swissworkag.ch\/wp-content\/uploads\/2026\/03\/Gfds.png 1024w, https:\/\/swissworkag.ch\/wp-content\/uploads\/2026\/03\/Gfds-300x300.png 300w, https:\/\/swissworkag.ch\/wp-content\/uploads\/2026\/03\/Gfds-150x150.png 150w, https:\/\/swissworkag.ch\/wp-content\/uploads\/2026\/03\/Gfds-768x768.png 768w\" sizes=\"(max-width: 660px) 100vw, 660px\" \/>\t\t\t\t\t\t\t\t<\/a>\n\t\t\t\t\t\t\t\t\t\t\t\t\t\t\t<\/div>\n\t\t\t\t<div class=\"elementor-element elementor-element-e3a418c elementor-widget elementor-widget-text-editor\" data-id=\"e3a418c\" data-element_type=\"widget\" data-e-type=\"widget\" data-widget_type=\"text-editor.default\">\n\t\t\t\t\t\t\t\t\t<p><strong>Gianfranco De Summa<\/strong><br \/><strong>Responsable d&rsquo;agence<\/strong><br \/><a href=\"tel:+41919867002\">091 986 70 02<\/a><br \/><a href=\"mailto:gianfranco.desumma@swissworkag.ch\">gianfranco.desumma@swissworkag.ch<\/a><\/p>\t\t\t\t\t\t\t\t<\/div>\n\t\t\t\t<\/div>\n\t\t<div class=\"elementor-element elementor-element-ece029b e-con-full e-flex e-con e-child\" data-id=\"ece029b\" data-element_type=\"container\" data-e-type=\"container\" data-settings=\"{&quot;background_background&quot;:&quot;classic&quot;}\">\n\t\t\t\t<div class=\"elementor-element elementor-element-eb1e8e2 elementor-widget elementor-widget-image\" data-id=\"eb1e8e2\" data-element_type=\"widget\" data-e-type=\"widget\" data-widget_type=\"image.default\">\n\t\t\t\t\t\t\t\t\t\t\t\t\t\t\t\t<a href=\"\/standorte\/basel\">\n\t\t\t\t\t\t\t<img alt=\"\" decoding=\"async\" width=\"612\" height=\"612\" src=\"https:\/\/swissworkag.ch\/wp-content\/uploads\/2026\/03\/istockphoto-1162198273-612x612-1.jpg\" class=\"attachment-large size-large wp-image-35535\" alt=\"\" srcset=\"https:\/\/swissworkag.ch\/wp-content\/uploads\/2026\/03\/istockphoto-1162198273-612x612-1.jpg 612w, https:\/\/swissworkag.ch\/wp-content\/uploads\/2026\/03\/istockphoto-1162198273-612x612-1-300x300.jpg 300w, https:\/\/swissworkag.ch\/wp-content\/uploads\/2026\/03\/istockphoto-1162198273-612x612-1-150x150.jpg 150w\" sizes=\"(max-width: 612px) 100vw, 612px\" \/>\t\t\t\t\t\t\t\t<\/a>\n\t\t\t\t\t\t\t\t\t\t\t\t\t\t\t<\/div>\n\t\t\t\t<div class=\"elementor-element elementor-element-18e1463 elementor-widget elementor-widget-text-editor\" data-id=\"18e1463\" data-element_type=\"widget\" data-e-type=\"widget\" data-widget_type=\"text-editor.default\">\n\t\t\t\t\t\t\t\t\t<p><strong>Alessandro De Summa<\/strong><br \/><strong>Consultant en recrutement<\/strong><br \/><a href=\"tel:+41919867003\">091 986 70 03<\/a><br \/><a href=\"mailto:alessandro.desumma@swissworkag.ch\">alessandro.desumma@swissworkag.ch<\/a><\/p>\t\t\t\t\t\t\t\t<\/div>\n\t\t\t\t<\/div>\n\t\t<div class=\"elementor-element elementor-element-11eed10 e-con-full e-flex e-con e-child\" data-id=\"11eed10\" data-element_type=\"container\" data-e-type=\"container\" data-settings=\"{&quot;background_background&quot;:&quot;classic&quot;}\">\n\t\t\t\t<div class=\"elementor-element elementor-element-513a001 elementor-widget elementor-widget-image\" data-id=\"513a001\" data-element_type=\"widget\" data-e-type=\"widget\" data-widget_type=\"image.default\">\n\t\t\t\t\t\t\t\t\t\t\t\t\t\t\t\t<a href=\"\/standorte\/basel\">\n\t\t\t\t\t\t\t<img alt=\"\" decoding=\"async\" width=\"660\" height=\"660\" src=\"https:\/\/swissworkag.ch\/wp-content\/uploads\/2026\/03\/ME.png\" class=\"attachment-large size-large wp-image-35544\" alt=\"\" srcset=\"https:\/\/swissworkag.ch\/wp-content\/uploads\/2026\/03\/ME.png 1024w, https:\/\/swissworkag.ch\/wp-content\/uploads\/2026\/03\/ME-300x300.png 300w, https:\/\/swissworkag.ch\/wp-content\/uploads\/2026\/03\/ME-150x150.png 150w, https:\/\/swissworkag.ch\/wp-content\/uploads\/2026\/03\/ME-768x768.png 768w\" sizes=\"(max-width: 660px) 100vw, 660px\" \/>\t\t\t\t\t\t\t\t<\/a>\n\t\t\t\t\t\t\t\t\t\t\t\t\t\t\t<\/div>\n\t\t\t\t<div class=\"elementor-element elementor-element-6535944 elementor-widget elementor-widget-text-editor\" data-id=\"6535944\" data-element_type=\"widget\" data-e-type=\"widget\" data-widget_type=\"text-editor.default\">\n\t\t\t\t\t\t\t\t\t<p><strong>Massimiliano Elia<\/strong><br \/><strong>Consultant en recrutement<\/strong><br \/><a href=\"tel:+41919867004\">091 986 70 04<\/a><br \/><a href=\"mailto:massimiliano.elia@swissworkag.ch\">massimiliano.elia@swissworkag.ch<\/a><\/p>\t\t\t\t\t\t\t\t<\/div>\n\t\t\t\t<\/div>\n\t\t<div class=\"elementor-element elementor-element-fc83169 e-con-full e-flex e-con e-child\" data-id=\"fc83169\" data-element_type=\"container\" data-e-type=\"container\" data-settings=\"{&quot;background_background&quot;:&quot;classic&quot;}\">\n\t\t\t\t<div class=\"elementor-element elementor-element-403d731 elementor-widget elementor-widget-image\" data-id=\"403d731\" data-element_type=\"widget\" data-e-type=\"widget\" data-widget_type=\"image.default\">\n\t\t\t\t\t\t\t\t\t\t\t\t\t\t\t\t<a href=\"\/standorte\/basel\">\n\t\t\t\t\t\t\t<img alt=\"\" loading=\"lazy\" decoding=\"async\" width=\"660\" height=\"660\" src=\"https:\/\/swissworkag.ch\/wp-content\/uploads\/2026\/03\/ChatGPT-Image-9.-Maerz-2026-12_01_13.png\" class=\"attachment-large size-large wp-image-35586\" alt=\"\" srcset=\"https:\/\/swissworkag.ch\/wp-content\/uploads\/2026\/03\/ChatGPT-Image-9.-Maerz-2026-12_01_13.png 1024w, https:\/\/swissworkag.ch\/wp-content\/uploads\/2026\/03\/ChatGPT-Image-9.-Maerz-2026-12_01_13-300x300.png 300w, https:\/\/swissworkag.ch\/wp-content\/uploads\/2026\/03\/ChatGPT-Image-9.-Maerz-2026-12_01_13-150x150.png 150w, https:\/\/swissworkag.ch\/wp-content\/uploads\/2026\/03\/ChatGPT-Image-9.-Maerz-2026-12_01_13-768x768.png 768w\" sizes=\"(max-width: 660px) 100vw, 660px\" \/>\t\t\t\t\t\t\t\t<\/a>\n\t\t\t\t\t\t\t\t\t\t\t\t\t\t\t<\/div>\n\t\t\t\t<div class=\"elementor-element elementor-element-79cd2e5 elementor-widget elementor-widget-text-editor\" data-id=\"79cd2e5\" data-element_type=\"widget\" data-e-type=\"widget\" data-widget_type=\"text-editor.default\">\n\t\t\t\t\t\t\t\t\t<p><strong>Maria Cantelmo<\/strong><br \/><strong>Administration<\/strong><br \/><a href=\"tel:+41919867005\">091 986 70 05<\/a><br \/><a href=\"mailto:maria.cantelmo@swissworkag.ch\">maria.cantelmo@swissworkag.ch<\/a><\/p>\t\t\t\t\t\t\t\t<\/div>\n\t\t\t\t<\/div>\n\t\t<div class=\"elementor-element elementor-element-83a82ac e-con-full e-flex e-con e-child\" data-id=\"83a82ac\" data-element_type=\"container\" data-e-type=\"container\" data-settings=\"{&quot;background_background&quot;:&quot;classic&quot;}\">\n\t\t\t\t<div class=\"elementor-element elementor-element-189f7ef elementor-widget elementor-widget-image\" data-id=\"189f7ef\" data-element_type=\"widget\" data-e-type=\"widget\" data-widget_type=\"image.default\">\n\t\t\t\t\t\t\t\t\t\t\t\t\t\t\t\t<a href=\"\/standorte\/basel\">\n\t\t\t\t\t\t\t<img alt=\"\" loading=\"lazy\" decoding=\"async\" width=\"660\" height=\"660\" src=\"https:\/\/swissworkag.ch\/wp-content\/uploads\/2026\/03\/ChatGPT-Image-9.-Maerz-2026-12_00_03.png\" class=\"attachment-large size-large wp-image-35582\" alt=\"\" srcset=\"https:\/\/swissworkag.ch\/wp-content\/uploads\/2026\/03\/ChatGPT-Image-9.-Maerz-2026-12_00_03.png 1024w, https:\/\/swissworkag.ch\/wp-content\/uploads\/2026\/03\/ChatGPT-Image-9.-Maerz-2026-12_00_03-300x300.png 300w, https:\/\/swissworkag.ch\/wp-content\/uploads\/2026\/03\/ChatGPT-Image-9.-Maerz-2026-12_00_03-150x150.png 150w, https:\/\/swissworkag.ch\/wp-content\/uploads\/2026\/03\/ChatGPT-Image-9.-Maerz-2026-12_00_03-768x768.png 768w\" sizes=\"(max-width: 660px) 100vw, 660px\" \/>\t\t\t\t\t\t\t\t<\/a>\n\t\t\t\t\t\t\t\t\t\t\t\t\t\t\t<\/div>\n\t\t\t\t<div class=\"elementor-element elementor-element-f242a86 elementor-widget elementor-widget-text-editor\" data-id=\"f242a86\" data-element_type=\"widget\" data-e-type=\"widget\" data-widget_type=\"text-editor.default\">\n\t\t\t\t\t\t\t\t\t<p><strong>Alessandra Montalbetti<\/strong><br \/><strong>Administration<\/strong><br \/><a href=\"tel:+41919867006\">091 986 70 06<\/a><br \/><a href=\"mailto:alessandra.montalbetti@swissworkag.ch\">alessandra.montalbetti@swissworkag.ch<\/a><\/p>\t\t\t\t\t\t\t\t<\/div>\n\t\t\t\t<\/div>\n\t\t\t\t<\/div>\n\t\t<div class=\"elementor-element elementor-element-20adfd19 e-flex e-con-boxed e-con e-parent\" data-id=\"20adfd19\" data-element_type=\"container\" data-e-type=\"container\">\n\t\t\t\t\t<div class=\"e-con-inner\">\n\t\t<div class=\"elementor-element elementor-element-70010573 e-con-full e-flex e-con e-child\" data-id=\"70010573\" data-element_type=\"container\" data-e-type=\"container\" data-settings=\"{&quot;background_background&quot;:&quot;classic&quot;}\">\n\t\t\t\t<div class=\"elementor-element elementor-element-84d2710 elementor-widget elementor-widget-heading\" data-id=\"84d2710\" data-element_type=\"widget\" data-e-type=\"widget\" data-widget_type=\"heading.default\">\n\t\t\t\t\t<h2 class=\"elementor-heading-title elementor-size-default\">Int\u00e9ress\u00e9 par nos services ?\n<\/h2>\t\t\t\t<\/div>\n\t\t\t\t<div class=\"elementor-element elementor-element-56938381 elementor-widget elementor-widget-text-editor\" data-id=\"56938381\" data-element_type=\"widget\" data-e-type=\"widget\" data-widget_type=\"text-editor.default\">\n\t\t\t\t\t\t\t\t\t<p>Contactez-nous d\u00e8s maintenant et nous compl\u00e9terons votre \u00e9quipe avec les sp\u00e9cialistes n\u00e9cessaires !<\/p>\t\t\t\t\t\t\t\t<\/div>\n\t\t\t\t<div class=\"elementor-element elementor-element-4d2de94c elementor-align-center elementor-widget elementor-widget-button\" data-id=\"4d2de94c\" data-element_type=\"widget\" data-e-type=\"widget\" data-widget_type=\"button.default\">\n\t\t\t\t\t\t\t\t\t\t<a class=\"elementor-button elementor-button-link elementor-size-sm\" href=\"\/fr\/services\/#formular\" form=\"\">\n\t\t\t\t\t\t<span class=\"elementor-button-content-wrapper\">\n\t\t\t\t\t\t\t\t\t<span class=\"elementor-button-text\">Vers le formulaire de demande<\/span>\n\t\t\t\t\t<\/span>\n\t\t\t\t\t<\/a>\n\t\t\t\t\t\t\t\t<\/div>\n\t\t\t\t<\/div>\n\t\t\t\t\t<\/div>\n\t\t\t\t<\/div>\n\t\t\t\t<\/div>\n\t\t","protected":false},"excerpt":{"rendered":"<p>Swiss Work SAPalazzo GajaVia Pian Scairolo 116915 Pambio Noranco (Lugano)T\u00e9l 091 986 70 00Fax 091 986 70 01lugano@swissworkag.ch Gianfranco De SummaResponsable d&rsquo;agence091 986 70 02gianfranco.desumma@swissworkag.ch Alessandro De SummaConsultant en recrutement091 986 70 03alessandro.desumma@swissworkag.ch Massimiliano EliaConsultant en recrutement091 986 70 04massimiliano.elia@swissworkag.ch Maria CantelmoAdministration091 986 70 05maria.cantelmo@swissworkag.ch Alessandra MontalbettiAdministration091 986 70 06alessandra.montalbetti@swissworkag.ch Int\u00e9ress\u00e9 par nos services ? [&hellip;]<\/p>\n","protected":false},"author":1,"featured_media":0,"parent":21614,"menu_order":0,"comment_status":"closed","ping_status":"closed","template":"","meta":{"_acf_changed":false,"_seopress_robots_primary_cat":"","_seopress_titles_title":"Swiss Work AG Tessin \u2013 Emplois temporaires et fixes au Tessin","_seopress_titles_desc":"L\u2019agence tessinoise de Swiss Work AG propose des emplois temporaires et fixes \u00e0 Lugano, Pambio-Noranco et dans tout le Tessin.","_seopress_robots_index":"","footnotes":""},"class_list":["post-21635","page","type-page","status-publish","hentry"],"acf":[],"_links":{"self":[{"href":"https:\/\/swissworkag.ch\/fr\/wp-json\/wp\/v2\/pages\/21635","targetHints":{"allow":["GET"]}}],"collection":[{"href":"https:\/\/swissworkag.ch\/fr\/wp-json\/wp\/v2\/pages"}],"about":[{"href":"https:\/\/swissworkag.ch\/fr\/wp-json\/wp\/v2\/types\/page"}],"author":[{"embeddable":true,"href":"https:\/\/swissworkag.ch\/fr\/wp-json\/wp\/v2\/users\/1"}],"replies":[{"embeddable":true,"href":"https:\/\/swissworkag.ch\/fr\/wp-json\/wp\/v2\/comments?post=21635"}],"version-history":[{"count":9,"href":"https:\/\/swissworkag.ch\/fr\/wp-json\/wp\/v2\/pages\/21635\/revisions"}],"predecessor-version":[{"id":67698,"href":"https:\/\/swissworkag.ch\/fr\/wp-json\/wp\/v2\/pages\/21635\/revisions\/67698"}],"up":[{"embeddable":true,"href":"https:\/\/swissworkag.ch\/fr\/wp-json\/wp\/v2\/pages\/21614"}],"wp:attachment":[{"href":"https:\/\/swissworkag.ch\/fr\/wp-json\/wp\/v2\/media?parent=21635"}],"curies":[{"name":"wp","href":"https:\/\/api.w.org\/{rel}","templated":true}]}}