{"id":21629,"date":"2025-12-17T12:22:27","date_gmt":"2025-12-17T11:22:27","guid":{"rendered":"https:\/\/swissworkag.nextron.org\/?page_id=21629"},"modified":"2026-04-14T10:33:35","modified_gmt":"2026-04-14T08:33:35","slug":"berne","status":"publish","type":"page","link":"https:\/\/swissworkag.ch\/fr\/sites\/berne\/","title":{"rendered":"R\u00e9gion de Berne"},"content":{"rendered":"\t\t<div data-elementor-type=\"wp-page\" data-elementor-id=\"21629\" class=\"elementor elementor-21629 elementor-12836\" data-elementor-post-type=\"page\">\n\t\t\t\t<div class=\"elementor-element elementor-element-f934b52 e-flex e-con-boxed e-con e-parent\" data-id=\"f934b52\" data-element_type=\"container\" data-e-type=\"container\" data-settings=\"{&quot;background_background&quot;:&quot;classic&quot;}\">\n\t\t\t\t\t<div class=\"e-con-inner\">\n\t\t<div class=\"elementor-element elementor-element-d70d034 e-con-full e-flex e-con e-child\" data-id=\"d70d034\" data-element_type=\"container\" data-e-type=\"container\" data-settings=\"{&quot;background_background&quot;:&quot;classic&quot;}\">\n\t\t\t\t<div class=\"elementor-element elementor-element-2aae44c elementor-widget elementor-widget-text-editor\" data-id=\"2aae44c\" data-element_type=\"widget\" data-e-type=\"widget\" data-widget_type=\"text-editor.default\">\n\t\t\t\t\t\t\t\t\t<p><strong>Swiss Work AG<\/strong><br \/><strong>Gartenstrasse 2<\/strong><br \/><strong>3110 M\u00fcnsingen<\/strong><br \/>T\u00e9l 031 310 42 00<br \/>Fax 031 310 42 01<br \/><a href=\"mailto:bern@swissworkag.ch\">bern@swissworkag.ch<\/a><\/p>\t\t\t\t\t\t\t\t<\/div>\n\t\t\t\t<\/div>\n\t\t<div class=\"elementor-element elementor-element-db3daf8 e-con-full e-flex e-con e-child\" data-id=\"db3daf8\" data-element_type=\"container\" data-e-type=\"container\" data-settings=\"{&quot;background_background&quot;:&quot;classic&quot;}\">\n\t\t\t\t<div class=\"elementor-element elementor-element-d793d2c elementor-widget elementor-widget-google_maps\" data-id=\"d793d2c\" data-element_type=\"widget\" data-e-type=\"widget\" data-widget_type=\"google_maps.default\">\n\t\t\t\t\t\t\t<div class=\"elementor-custom-embed\">\n\t\t\t<iframe loading=\"lazy\"\n\t\t\t\t\tsrc=\"https:\/\/maps.google.com\/maps?q=Swiss%20Work%20AG%20Gartenstrasse%202%203110%20M%C3%BCnsingen&#038;t=m&#038;z=15&#038;output=embed&#038;iwloc=near\"\n\t\t\t\t\ttitle=\"Swiss Work AG Gartenstrasse 2 3110 M\u00fcnsingen\"\n\t\t\t\t\taria-label=\"Swiss Work AG Gartenstrasse 2 3110 M\u00fcnsingen\"\n\t\t\t><\/iframe>\n\t\t<\/div>\n\t\t\t\t\t\t<\/div>\n\t\t\t\t<\/div>\n\t\t\t\t\t<\/div>\n\t\t\t\t<\/div>\n\t\t<div class=\"elementor-element elementor-element-175325e e-con-full e-grid e-con e-parent\" data-id=\"175325e\" data-element_type=\"container\" data-e-type=\"container\">\n\t\t<div class=\"elementor-element elementor-element-2dac48a e-con-full e-flex e-con e-child\" data-id=\"2dac48a\" data-element_type=\"container\" data-e-type=\"container\" data-settings=\"{&quot;background_background&quot;:&quot;classic&quot;}\">\n\t\t\t\t<div class=\"elementor-element elementor-element-fb5b055 elementor-widget elementor-widget-image\" data-id=\"fb5b055\" data-element_type=\"widget\" data-e-type=\"widget\" data-widget_type=\"image.default\">\n\t\t\t\t\t\t\t\t\t\t\t\t\t\t\t\t<a href=\"\/standorte\/basel\">\n\t\t\t\t\t\t\t<img alt=\"\" fetchpriority=\"high\" decoding=\"async\" width=\"660\" height=\"660\" src=\"https:\/\/swissworkag.ch\/wp-content\/uploads\/2026\/03\/ChatGPT-Image-9.-Maerz-2026-09_11_26.png\" class=\"attachment-large size-large wp-image-35496\" alt=\"\" srcset=\"https:\/\/swissworkag.ch\/wp-content\/uploads\/2026\/03\/ChatGPT-Image-9.-Maerz-2026-09_11_26.png 1024w, https:\/\/swissworkag.ch\/wp-content\/uploads\/2026\/03\/ChatGPT-Image-9.-Maerz-2026-09_11_26-300x300.png 300w, https:\/\/swissworkag.ch\/wp-content\/uploads\/2026\/03\/ChatGPT-Image-9.-Maerz-2026-09_11_26-150x150.png 150w, https:\/\/swissworkag.ch\/wp-content\/uploads\/2026\/03\/ChatGPT-Image-9.-Maerz-2026-09_11_26-768x768.png 768w\" sizes=\"(max-width: 660px) 100vw, 660px\" \/>\t\t\t\t\t\t\t\t<\/a>\n\t\t\t\t\t\t\t\t\t\t\t\t\t\t\t<\/div>\n\t\t\t\t<div class=\"elementor-element elementor-element-e3a418c elementor-widget elementor-widget-text-editor\" data-id=\"e3a418c\" data-element_type=\"widget\" data-e-type=\"widget\" data-widget_type=\"text-editor.default\">\n\t\t\t\t\t\t\t\t\t<p><strong>Patrick Sch\u00fcpbach<\/strong><br \/><strong>Responsable d&rsquo;agence<\/strong><br \/><a href=\"tel:+41313104202\">031 310 42 02<\/a><br \/><a href=\"mailto:patrick.schuepbach@swissworkag.ch\">patrick.schuepbach@swissworkag.ch<\/a><\/p>\t\t\t\t\t\t\t\t<\/div>\n\t\t\t\t<\/div>\n\t\t<div class=\"elementor-element elementor-element-ece029b e-con-full e-flex e-con e-child\" data-id=\"ece029b\" data-element_type=\"container\" data-e-type=\"container\" data-settings=\"{&quot;background_background&quot;:&quot;classic&quot;}\">\n\t\t\t\t<div class=\"elementor-element elementor-element-eb1e8e2 elementor-widget elementor-widget-image\" data-id=\"eb1e8e2\" data-element_type=\"widget\" data-e-type=\"widget\" data-widget_type=\"image.default\">\n\t\t\t\t\t\t\t\t\t\t\t\t\t\t\t\t<a href=\"\/standorte\/basel\">\n\t\t\t\t\t\t\t<img alt=\"\" decoding=\"async\" width=\"660\" height=\"660\" src=\"https:\/\/swissworkag.ch\/wp-content\/uploads\/2026\/03\/LL.png\" class=\"attachment-large size-large wp-image-35501\" alt=\"\" srcset=\"https:\/\/swissworkag.ch\/wp-content\/uploads\/2026\/03\/LL.png 1024w, https:\/\/swissworkag.ch\/wp-content\/uploads\/2026\/03\/LL-300x300.png 300w, https:\/\/swissworkag.ch\/wp-content\/uploads\/2026\/03\/LL-150x150.png 150w, https:\/\/swissworkag.ch\/wp-content\/uploads\/2026\/03\/LL-768x768.png 768w\" sizes=\"(max-width: 660px) 100vw, 660px\" \/>\t\t\t\t\t\t\t\t<\/a>\n\t\t\t\t\t\t\t\t\t\t\t\t\t\t\t<\/div>\n\t\t\t\t<div class=\"elementor-element elementor-element-18e1463 elementor-widget elementor-widget-text-editor\" data-id=\"18e1463\" data-element_type=\"widget\" data-e-type=\"widget\" data-widget_type=\"text-editor.default\">\n\t\t\t\t\t\t\t\t\t<p><strong>Lailah Lienhardt<\/strong><br \/><strong>Responsable administratif \/ Consultant en recrutement<\/strong><br \/><a href=\"tel:+41313104203\">031 310 42 03<\/a><br \/><a href=\"mailto:lailah.lienhardt@swissworkag.ch\">lailah.lienhardt@swissworkag.ch<\/a><\/p>\t\t\t\t\t\t\t\t<\/div>\n\t\t\t\t<\/div>\n\t\t\t\t<\/div>\n\t\t<div class=\"elementor-element elementor-element-20adfd19 e-flex e-con-boxed e-con e-parent\" data-id=\"20adfd19\" data-element_type=\"container\" data-e-type=\"container\">\n\t\t\t\t\t<div class=\"e-con-inner\">\n\t\t<div class=\"elementor-element elementor-element-70010573 e-con-full e-flex e-con e-child\" data-id=\"70010573\" data-element_type=\"container\" data-e-type=\"container\" data-settings=\"{&quot;background_background&quot;:&quot;classic&quot;}\">\n\t\t\t\t<div class=\"elementor-element elementor-element-84d2710 elementor-widget elementor-widget-heading\" data-id=\"84d2710\" data-element_type=\"widget\" data-e-type=\"widget\" data-widget_type=\"heading.default\">\n\t\t\t\t\t<h2 class=\"elementor-heading-title elementor-size-default\">Int\u00e9ress\u00e9 par nos services ?<\/h2>\t\t\t\t<\/div>\n\t\t\t\t<div class=\"elementor-element elementor-element-56938381 elementor-widget elementor-widget-text-editor\" data-id=\"56938381\" data-element_type=\"widget\" data-e-type=\"widget\" data-widget_type=\"text-editor.default\">\n\t\t\t\t\t\t\t\t\t<p>Contactez-nous d\u00e8s maintenant et nous compl\u00e9terons votre \u00e9quipe avec les sp\u00e9cialistes n\u00e9cessaires !<\/p>\t\t\t\t\t\t\t\t<\/div>\n\t\t\t\t<div class=\"elementor-element elementor-element-4d2de94c elementor-align-center elementor-widget elementor-widget-button\" data-id=\"4d2de94c\" data-element_type=\"widget\" data-e-type=\"widget\" data-widget_type=\"button.default\">\n\t\t\t\t\t\t\t\t\t\t<a class=\"elementor-button elementor-button-link elementor-size-sm\" href=\"\/fr\/services\/#formular\" form=\"\">\n\t\t\t\t\t\t<span class=\"elementor-button-content-wrapper\">\n\t\t\t\t\t\t\t\t\t<span class=\"elementor-button-text\">Vers le formulaire de demande<\/span>\n\t\t\t\t\t<\/span>\n\t\t\t\t\t<\/a>\n\t\t\t\t\t\t\t\t<\/div>\n\t\t\t\t<\/div>\n\t\t\t\t\t<\/div>\n\t\t\t\t<\/div>\n\t\t\t\t<\/div>\n\t\t","protected":false},"excerpt":{"rendered":"<p>Swiss Work AGGartenstrasse 23110 M\u00fcnsingenT\u00e9l 031 310 42 00Fax 031 310 42 01bern@swissworkag.ch Patrick Sch\u00fcpbachResponsable d&rsquo;agence031 310 42 02patrick.schuepbach@swissworkag.ch Lailah LienhardtResponsable administratif \/ Consultant en recrutement031 310 42 03lailah.lienhardt@swissworkag.ch Int\u00e9ress\u00e9 par nos services ? Contactez-nous d\u00e8s maintenant et nous compl\u00e9terons votre \u00e9quipe avec les sp\u00e9cialistes n\u00e9cessaires ! Vers le formulaire de demande<\/p>\n","protected":false},"author":1,"featured_media":0,"parent":21614,"menu_order":0,"comment_status":"closed","ping_status":"closed","template":"","meta":{"_acf_changed":false,"_seopress_robots_primary_cat":"","_seopress_titles_title":"Swiss Work AG Berne \u2013 Emplois temporaires et fixes \u00e0 Berne","_seopress_titles_desc":"L\u2019agence de Berne de Swiss Work AG propose des emplois temporaires et fixes \u00e0 Berne, M\u00fcnsingen et dans les environs.","_seopress_robots_index":"","footnotes":""},"class_list":["post-21629","page","type-page","status-publish","hentry"],"acf":[],"_links":{"self":[{"href":"https:\/\/swissworkag.ch\/fr\/wp-json\/wp\/v2\/pages\/21629","targetHints":{"allow":["GET"]}}],"collection":[{"href":"https:\/\/swissworkag.ch\/fr\/wp-json\/wp\/v2\/pages"}],"about":[{"href":"https:\/\/swissworkag.ch\/fr\/wp-json\/wp\/v2\/types\/page"}],"author":[{"embeddable":true,"href":"https:\/\/swissworkag.ch\/fr\/wp-json\/wp\/v2\/users\/1"}],"replies":[{"embeddable":true,"href":"https:\/\/swissworkag.ch\/fr\/wp-json\/wp\/v2\/comments?post=21629"}],"version-history":[{"count":9,"href":"https:\/\/swissworkag.ch\/fr\/wp-json\/wp\/v2\/pages\/21629\/revisions"}],"predecessor-version":[{"id":67697,"href":"https:\/\/swissworkag.ch\/fr\/wp-json\/wp\/v2\/pages\/21629\/revisions\/67697"}],"up":[{"embeddable":true,"href":"https:\/\/swissworkag.ch\/fr\/wp-json\/wp\/v2\/pages\/21614"}],"wp:attachment":[{"href":"https:\/\/swissworkag.ch\/fr\/wp-json\/wp\/v2\/media?parent=21629"}],"curies":[{"name":"wp","href":"https:\/\/api.w.org\/{rel}","templated":true}]}}