{"id":21622,"date":"2025-11-24T09:50:23","date_gmt":"2025-11-24T08:50:23","guid":{"rendered":"https:\/\/swissworkag.nextron.org\/?page_id=21622"},"modified":"2026-04-14T10:33:19","modified_gmt":"2026-04-14T08:33:19","slug":"bale","status":"publish","type":"page","link":"https:\/\/swissworkag.ch\/fr\/sites\/bale\/","title":{"rendered":"R\u00e9gion de B\u00e2le"},"content":{"rendered":"\t\t<div data-elementor-type=\"wp-page\" data-elementor-id=\"21622\" class=\"elementor elementor-21622 elementor-10220\" data-elementor-post-type=\"page\">\n\t\t\t\t<div class=\"elementor-element elementor-element-f934b52 e-flex e-con-boxed e-con e-parent\" data-id=\"f934b52\" data-element_type=\"container\" data-e-type=\"container\" data-settings=\"{&quot;background_background&quot;:&quot;classic&quot;}\">\n\t\t\t\t\t<div class=\"e-con-inner\">\n\t\t<div class=\"elementor-element elementor-element-d70d034 e-con-full e-flex e-con e-child\" data-id=\"d70d034\" data-element_type=\"container\" data-e-type=\"container\" data-settings=\"{&quot;background_background&quot;:&quot;classic&quot;}\">\n\t\t\t\t<div class=\"elementor-element elementor-element-2aae44c elementor-widget elementor-widget-text-editor\" data-id=\"2aae44c\" data-element_type=\"widget\" data-e-type=\"widget\" data-widget_type=\"text-editor.default\">\n\t\t\t\t\t\t\t\t\t<p><strong>Swiss Work AG<\/strong><br \/><strong>Falknerstrasse 4<\/strong><br \/><strong>4051 Basel<\/strong><br \/>T\u00e9l 061 260 10 80<br \/>Fax 061 260 10 81<br \/><a href=\"mailto:basel@swissworkag.ch\">basel@swissworkag.ch<\/a><\/p>\t\t\t\t\t\t\t\t<\/div>\n\t\t\t\t<\/div>\n\t\t<div class=\"elementor-element elementor-element-db3daf8 e-con-full e-flex e-con e-child\" data-id=\"db3daf8\" data-element_type=\"container\" data-e-type=\"container\" data-settings=\"{&quot;background_background&quot;:&quot;classic&quot;}\">\n\t\t\t\t<div class=\"elementor-element elementor-element-d793d2c elementor-widget elementor-widget-google_maps\" data-id=\"d793d2c\" data-element_type=\"widget\" data-e-type=\"widget\" data-widget_type=\"google_maps.default\">\n\t\t\t\t\t\t\t<div class=\"elementor-custom-embed\">\n\t\t\t<iframe loading=\"lazy\"\n\t\t\t\t\tsrc=\"https:\/\/maps.google.com\/maps?q=Swiss%20Work%20AG%20Falknerstrasse%204%204051%20Basel&#038;t=m&#038;z=15&#038;output=embed&#038;iwloc=near\"\n\t\t\t\t\ttitle=\"Swiss Work AG Falknerstrasse 4 4051 Basel\"\n\t\t\t\t\taria-label=\"Swiss Work AG Falknerstrasse 4 4051 Basel\"\n\t\t\t><\/iframe>\n\t\t<\/div>\n\t\t\t\t\t\t<\/div>\n\t\t\t\t<\/div>\n\t\t\t\t\t<\/div>\n\t\t\t\t<\/div>\n\t\t<div class=\"elementor-element elementor-element-175325e e-con-full e-grid e-con e-parent\" data-id=\"175325e\" data-element_type=\"container\" data-e-type=\"container\">\n\t\t<div class=\"elementor-element elementor-element-2dac48a e-con-full e-flex e-con e-child\" data-id=\"2dac48a\" data-element_type=\"container\" data-e-type=\"container\" data-settings=\"{&quot;background_background&quot;:&quot;classic&quot;}\">\n\t\t\t\t<div class=\"elementor-element elementor-element-fb5b055 elementor-widget elementor-widget-image\" data-id=\"fb5b055\" data-element_type=\"widget\" data-e-type=\"widget\" data-widget_type=\"image.default\">\n\t\t\t\t\t\t\t\t\t\t\t\t\t\t\t\t<a href=\"\/standorte\/basel\">\n\t\t\t\t\t\t\t<img alt=\"\" fetchpriority=\"high\" decoding=\"async\" width=\"660\" height=\"660\" src=\"https:\/\/swissworkag.ch\/wp-content\/uploads\/2026\/03\/ChatGPT-Image-9.-Maerz-2026-11_40_43.png\" class=\"attachment-large size-large wp-image-35563\" alt=\"\" srcset=\"https:\/\/swissworkag.ch\/wp-content\/uploads\/2026\/03\/ChatGPT-Image-9.-Maerz-2026-11_40_43.png 1024w, https:\/\/swissworkag.ch\/wp-content\/uploads\/2026\/03\/ChatGPT-Image-9.-Maerz-2026-11_40_43-300x300.png 300w, https:\/\/swissworkag.ch\/wp-content\/uploads\/2026\/03\/ChatGPT-Image-9.-Maerz-2026-11_40_43-150x150.png 150w, https:\/\/swissworkag.ch\/wp-content\/uploads\/2026\/03\/ChatGPT-Image-9.-Maerz-2026-11_40_43-768x768.png 768w\" sizes=\"(max-width: 660px) 100vw, 660px\" \/>\t\t\t\t\t\t\t\t<\/a>\n\t\t\t\t\t\t\t\t\t\t\t\t\t\t\t<\/div>\n\t\t\t\t<div class=\"elementor-element elementor-element-e3a418c elementor-widget elementor-widget-text-editor\" data-id=\"e3a418c\" data-element_type=\"widget\" data-e-type=\"widget\" data-widget_type=\"text-editor.default\">\n\t\t\t\t\t\t\t\t\t<p><strong>Kim Ebener<\/strong><br \/><strong>Consultant en recrutement \/ Resp. d&rsquo;agence adjointe<\/strong><br \/><a href=\"tel:+41612601082\">061 260 10 82<\/a><br \/><a href=\"mailto:kim.ebener@swissworkag.ch\">kim.ebener@swissworkag.ch<\/a><\/p>\t\t\t\t\t\t\t\t<\/div>\n\t\t\t\t<\/div>\n\t\t<div class=\"elementor-element elementor-element-ece029b e-con-full e-flex e-con e-child\" data-id=\"ece029b\" data-element_type=\"container\" data-e-type=\"container\" data-settings=\"{&quot;background_background&quot;:&quot;classic&quot;}\">\n\t\t\t\t<div class=\"elementor-element elementor-element-eb1e8e2 elementor-widget elementor-widget-image\" data-id=\"eb1e8e2\" data-element_type=\"widget\" data-e-type=\"widget\" data-widget_type=\"image.default\">\n\t\t\t\t\t\t\t\t\t\t\t\t\t\t\t\t<a href=\"\/standorte\/basel\">\n\t\t\t\t\t\t\t<img alt=\"\" decoding=\"async\" width=\"660\" height=\"660\" src=\"https:\/\/swissworkag.ch\/wp-content\/uploads\/2026\/03\/ChatGPT-Image-9.-Maerz-2026-11_39_28.png\" class=\"attachment-large size-large wp-image-35558\" alt=\"\" srcset=\"https:\/\/swissworkag.ch\/wp-content\/uploads\/2026\/03\/ChatGPT-Image-9.-Maerz-2026-11_39_28.png 1024w, https:\/\/swissworkag.ch\/wp-content\/uploads\/2026\/03\/ChatGPT-Image-9.-Maerz-2026-11_39_28-300x300.png 300w, https:\/\/swissworkag.ch\/wp-content\/uploads\/2026\/03\/ChatGPT-Image-9.-Maerz-2026-11_39_28-150x150.png 150w, https:\/\/swissworkag.ch\/wp-content\/uploads\/2026\/03\/ChatGPT-Image-9.-Maerz-2026-11_39_28-768x768.png 768w\" sizes=\"(max-width: 660px) 100vw, 660px\" \/>\t\t\t\t\t\t\t\t<\/a>\n\t\t\t\t\t\t\t\t\t\t\t\t\t\t\t<\/div>\n\t\t\t\t<div class=\"elementor-element elementor-element-18e1463 elementor-widget elementor-widget-text-editor\" data-id=\"18e1463\" data-element_type=\"widget\" data-e-type=\"widget\" data-widget_type=\"text-editor.default\">\n\t\t\t\t\t\t\t\t\t<p><strong>Bianca Eckstein<\/strong><br \/><strong>Consultant en recrutement<\/strong><br \/><a href=\"tel:+41612601083\">061 260 10 83<\/a><br \/><a href=\"mailto:bianca.eckstein@swissworkag.ch\">bianca.eckstein@swissworkag.ch<\/a><\/p>\t\t\t\t\t\t\t\t<\/div>\n\t\t\t\t<\/div>\n\t\t<div class=\"elementor-element elementor-element-11eed10 e-con-full e-flex e-con e-child\" data-id=\"11eed10\" data-element_type=\"container\" data-e-type=\"container\" data-settings=\"{&quot;background_background&quot;:&quot;classic&quot;}\">\n\t\t\t\t<div class=\"elementor-element elementor-element-513a001 elementor-widget elementor-widget-image\" data-id=\"513a001\" data-element_type=\"widget\" data-e-type=\"widget\" data-widget_type=\"image.default\">\n\t\t\t\t\t\t\t\t\t\t\t\t\t\t\t\t<a href=\"\/standorte\/basel\">\n\t\t\t\t\t\t\t<img alt=\"\" decoding=\"async\" width=\"660\" height=\"660\" src=\"https:\/\/swissworkag.ch\/wp-content\/uploads\/2026\/03\/ChatGPT-Image-9.-Maerz-2026-11_38_10.png\" class=\"attachment-large size-large wp-image-35554\" alt=\"\" srcset=\"https:\/\/swissworkag.ch\/wp-content\/uploads\/2026\/03\/ChatGPT-Image-9.-Maerz-2026-11_38_10.png 1024w, https:\/\/swissworkag.ch\/wp-content\/uploads\/2026\/03\/ChatGPT-Image-9.-Maerz-2026-11_38_10-300x300.png 300w, https:\/\/swissworkag.ch\/wp-content\/uploads\/2026\/03\/ChatGPT-Image-9.-Maerz-2026-11_38_10-150x150.png 150w, https:\/\/swissworkag.ch\/wp-content\/uploads\/2026\/03\/ChatGPT-Image-9.-Maerz-2026-11_38_10-768x768.png 768w\" sizes=\"(max-width: 660px) 100vw, 660px\" \/>\t\t\t\t\t\t\t\t<\/a>\n\t\t\t\t\t\t\t\t\t\t\t\t\t\t\t<\/div>\n\t\t\t\t<div class=\"elementor-element elementor-element-6535944 elementor-widget elementor-widget-text-editor\" data-id=\"6535944\" data-element_type=\"widget\" data-e-type=\"widget\" data-widget_type=\"text-editor.default\">\n\t\t\t\t\t\t\t\t\t<p><strong>Alessandro Cino<\/strong><br \/><strong>Consultant en recrutement<\/strong><br \/><a href=\"tel:+41612601084\">061 260 10 84<\/a><br \/><a href=\"mailto:alessandro.cino@swissworkag.ch\">alessandro.cino@swissworkag.ch<\/a><\/p>\t\t\t\t\t\t\t\t<\/div>\n\t\t\t\t<\/div>\n\t\t<div class=\"elementor-element elementor-element-7350427 e-con-full e-flex e-con e-child\" data-id=\"7350427\" data-element_type=\"container\" data-e-type=\"container\" data-settings=\"{&quot;background_background&quot;:&quot;classic&quot;}\">\n\t\t\t\t<div class=\"elementor-element elementor-element-2e0d0e3 elementor-widget elementor-widget-image\" data-id=\"2e0d0e3\" data-element_type=\"widget\" data-e-type=\"widget\" data-widget_type=\"image.default\">\n\t\t\t\t\t\t\t\t\t\t\t\t\t\t\t\t<a href=\"\/standorte\/basel\">\n\t\t\t\t\t\t\t<img alt=\"\" loading=\"lazy\" decoding=\"async\" width=\"660\" height=\"660\" src=\"https:\/\/swissworkag.ch\/wp-content\/uploads\/2026\/03\/ChatGPT-Image-18.-Maerz-2026-18_32_20.png\" class=\"attachment-large size-large wp-image-44795\" alt=\"\" srcset=\"https:\/\/swissworkag.ch\/wp-content\/uploads\/2026\/03\/ChatGPT-Image-18.-Maerz-2026-18_32_20.png 1024w, https:\/\/swissworkag.ch\/wp-content\/uploads\/2026\/03\/ChatGPT-Image-18.-Maerz-2026-18_32_20-300x300.png 300w, https:\/\/swissworkag.ch\/wp-content\/uploads\/2026\/03\/ChatGPT-Image-18.-Maerz-2026-18_32_20-150x150.png 150w, https:\/\/swissworkag.ch\/wp-content\/uploads\/2026\/03\/ChatGPT-Image-18.-Maerz-2026-18_32_20-768x768.png 768w\" sizes=\"(max-width: 660px) 100vw, 660px\" \/>\t\t\t\t\t\t\t\t<\/a>\n\t\t\t\t\t\t\t\t\t\t\t\t\t\t\t<\/div>\n\t\t\t\t<div class=\"elementor-element elementor-element-9d96b00 elementor-widget elementor-widget-text-editor\" data-id=\"9d96b00\" data-element_type=\"widget\" data-e-type=\"widget\" data-widget_type=\"text-editor.default\">\n\t\t\t\t\t\t\t\t\t<p><strong>Elias R\u00fcsch<\/strong><br \/><strong>Consultant en recrutement<\/strong><br \/><a href=\"tel:+41612601085\">061 260 10 85<\/a><br \/><a href=\"mailto:elias.ruesch@swissworkag.ch\">elias.ruesch@swissworkag.ch<\/a><\/p>\t\t\t\t\t\t\t\t<\/div>\n\t\t\t\t<\/div>\n\t\t<div class=\"elementor-element elementor-element-320220d e-con-full e-flex e-con e-child\" data-id=\"320220d\" data-element_type=\"container\" data-e-type=\"container\" data-settings=\"{&quot;background_background&quot;:&quot;classic&quot;}\">\n\t\t\t\t<div class=\"elementor-element elementor-element-1752c00 elementor-widget elementor-widget-image\" data-id=\"1752c00\" data-element_type=\"widget\" data-e-type=\"widget\" data-widget_type=\"image.default\">\n\t\t\t\t\t\t\t\t\t\t\t\t\t\t\t\t<a href=\"\/standorte\/basel\">\n\t\t\t\t\t\t\t<img alt=\"\" loading=\"lazy\" decoding=\"async\" width=\"660\" height=\"660\" src=\"https:\/\/swissworkag.ch\/wp-content\/uploads\/2026\/03\/ChatGPT-Image-9.-Maerz-2026-11_44_13.png\" class=\"attachment-large size-large wp-image-35567\" alt=\"\" srcset=\"https:\/\/swissworkag.ch\/wp-content\/uploads\/2026\/03\/ChatGPT-Image-9.-Maerz-2026-11_44_13.png 1024w, https:\/\/swissworkag.ch\/wp-content\/uploads\/2026\/03\/ChatGPT-Image-9.-Maerz-2026-11_44_13-300x300.png 300w, https:\/\/swissworkag.ch\/wp-content\/uploads\/2026\/03\/ChatGPT-Image-9.-Maerz-2026-11_44_13-150x150.png 150w, https:\/\/swissworkag.ch\/wp-content\/uploads\/2026\/03\/ChatGPT-Image-9.-Maerz-2026-11_44_13-768x768.png 768w\" sizes=\"(max-width: 660px) 100vw, 660px\" \/>\t\t\t\t\t\t\t\t<\/a>\n\t\t\t\t\t\t\t\t\t\t\t\t\t\t\t<\/div>\n\t\t\t\t<div class=\"elementor-element elementor-element-49e6099 elementor-widget elementor-widget-text-editor\" data-id=\"49e6099\" data-element_type=\"widget\" data-e-type=\"widget\" data-widget_type=\"text-editor.default\">\n\t\t\t\t\t\t\t\t\t<p><strong>Laurent Sch\u00fcpbach<\/strong><br \/><strong>Assistant RH et administratif<\/strong><br \/><a href=\"tel:+41612616702\">061 261 67 02<\/a><br \/><a href=\"mailto:laurent.schuepbach@swissworkag.ch\">laurent.schuepbach@swissworkag.ch<\/a><\/p>\t\t\t\t\t\t\t\t<\/div>\n\t\t\t\t<\/div>\n\t\t<div class=\"elementor-element elementor-element-1b71e84 e-con-full e-flex e-con e-child\" data-id=\"1b71e84\" data-element_type=\"container\" data-e-type=\"container\" data-settings=\"{&quot;background_background&quot;:&quot;classic&quot;}\">\n\t\t\t\t<div class=\"elementor-element elementor-element-9dc5f25 elementor-widget elementor-widget-image\" data-id=\"9dc5f25\" data-element_type=\"widget\" data-e-type=\"widget\" data-widget_type=\"image.default\">\n\t\t\t\t\t\t\t\t\t\t\t\t\t\t\t\t<a href=\"\/standorte\/basel\">\n\t\t\t\t\t\t\t<img alt=\"\" loading=\"lazy\" decoding=\"async\" width=\"660\" height=\"660\" src=\"https:\/\/swissworkag.ch\/wp-content\/uploads\/2026\/04\/ChatGPT-Image-19.-Maerz-2026-13_48_18-1-1024x1024.png\" class=\"attachment-large size-large wp-image-61858\" alt=\"\" srcset=\"https:\/\/swissworkag.ch\/wp-content\/uploads\/2026\/04\/ChatGPT-Image-19.-Maerz-2026-13_48_18-1-1024x1024.png 1024w, https:\/\/swissworkag.ch\/wp-content\/uploads\/2026\/04\/ChatGPT-Image-19.-Maerz-2026-13_48_18-1-300x300.png 300w, https:\/\/swissworkag.ch\/wp-content\/uploads\/2026\/04\/ChatGPT-Image-19.-Maerz-2026-13_48_18-1-150x150.png 150w, https:\/\/swissworkag.ch\/wp-content\/uploads\/2026\/04\/ChatGPT-Image-19.-Maerz-2026-13_48_18-1-768x768.png 768w, https:\/\/swissworkag.ch\/wp-content\/uploads\/2026\/04\/ChatGPT-Image-19.-Maerz-2026-13_48_18-1.png 1261w\" sizes=\"(max-width: 660px) 100vw, 660px\" \/>\t\t\t\t\t\t\t\t<\/a>\n\t\t\t\t\t\t\t\t\t\t\t\t\t\t\t<\/div>\n\t\t\t\t<div class=\"elementor-element elementor-element-9f140d0 elementor-widget elementor-widget-text-editor\" data-id=\"9f140d0\" data-element_type=\"widget\" data-e-type=\"widget\" data-widget_type=\"text-editor.default\">\n\t\t\t\t\t\t\t\t\t<p><strong>Jeannine Frutig<\/strong><br \/><strong>Direction \/ responsable RH<\/strong><br \/><a href=\"tel:+41612616701\">061 261 67 01<\/a><br \/><a href=\"mailto:jeannine.frutig@swissworkag.ch\">jeannine.frutig@swissworkag.ch<\/a><\/p>\t\t\t\t\t\t\t\t<\/div>\n\t\t\t\t<\/div>\n\t\t<div class=\"elementor-element elementor-element-768b13b e-con-full e-flex e-con e-child\" data-id=\"768b13b\" data-element_type=\"container\" data-e-type=\"container\" data-settings=\"{&quot;background_background&quot;:&quot;classic&quot;}\">\n\t\t\t\t<div class=\"elementor-element elementor-element-d6518ec elementor-widget elementor-widget-image\" data-id=\"d6518ec\" data-element_type=\"widget\" data-e-type=\"widget\" data-widget_type=\"image.default\">\n\t\t\t\t\t\t\t\t\t\t\t\t\t\t\t\t<a href=\"\/standorte\/basel\">\n\t\t\t\t\t\t\t<img alt=\"\" loading=\"lazy\" decoding=\"async\" width=\"660\" height=\"660\" src=\"https:\/\/swissworkag.ch\/wp-content\/uploads\/2026\/03\/ChatGPT-Image-31.-Maerz-2026-10_51_23.png\" class=\"attachment-large size-large wp-image-55783\" alt=\"\" srcset=\"https:\/\/swissworkag.ch\/wp-content\/uploads\/2026\/03\/ChatGPT-Image-31.-Maerz-2026-10_51_23.png 1024w, https:\/\/swissworkag.ch\/wp-content\/uploads\/2026\/03\/ChatGPT-Image-31.-Maerz-2026-10_51_23-300x300.png 300w, https:\/\/swissworkag.ch\/wp-content\/uploads\/2026\/03\/ChatGPT-Image-31.-Maerz-2026-10_51_23-150x150.png 150w, https:\/\/swissworkag.ch\/wp-content\/uploads\/2026\/03\/ChatGPT-Image-31.-Maerz-2026-10_51_23-768x768.png 768w\" sizes=\"(max-width: 660px) 100vw, 660px\" \/>\t\t\t\t\t\t\t\t<\/a>\n\t\t\t\t\t\t\t\t\t\t\t\t\t\t\t<\/div>\n\t\t\t\t<div class=\"elementor-element elementor-element-423b199 elementor-widget elementor-widget-text-editor\" data-id=\"423b199\" data-element_type=\"widget\" data-e-type=\"widget\" data-widget_type=\"text-editor.default\">\n\t\t\t\t\t\t\t\t\t<p><strong>Olivier Schneider<\/strong><br \/><strong>Direction<\/strong><br \/><a href=\"mailto:olivier.schneider@swissworkag.ch\">olivier.schneider@swissworkag.ch<\/a><\/p>\t\t\t\t\t\t\t\t<\/div>\n\t\t\t\t<\/div>\n\t\t\t\t<\/div>\n\t\t<div class=\"elementor-element elementor-element-20adfd19 e-flex e-con-boxed e-con e-parent\" data-id=\"20adfd19\" data-element_type=\"container\" data-e-type=\"container\">\n\t\t\t\t\t<div class=\"e-con-inner\">\n\t\t<div class=\"elementor-element elementor-element-70010573 e-con-full e-flex e-con e-child\" data-id=\"70010573\" data-element_type=\"container\" data-e-type=\"container\" data-settings=\"{&quot;background_background&quot;:&quot;classic&quot;}\">\n\t\t\t\t<div class=\"elementor-element elementor-element-84d2710 elementor-widget elementor-widget-heading\" data-id=\"84d2710\" data-element_type=\"widget\" data-e-type=\"widget\" data-widget_type=\"heading.default\">\n\t\t\t\t\t<h2 class=\"elementor-heading-title elementor-size-default\">Int\u00e9ress\u00e9 par nos services ?<\/h2>\t\t\t\t<\/div>\n\t\t\t\t<div class=\"elementor-element elementor-element-56938381 elementor-widget elementor-widget-text-editor\" data-id=\"56938381\" data-element_type=\"widget\" data-e-type=\"widget\" data-widget_type=\"text-editor.default\">\n\t\t\t\t\t\t\t\t\t<p>Contactez-nous d\u00e8s maintenant et nous compl\u00e9terons votre \u00e9quipe avec les sp\u00e9cialistes n\u00e9cessaires !<\/p>\t\t\t\t\t\t\t\t<\/div>\n\t\t\t\t<div class=\"elementor-element elementor-element-4d2de94c elementor-align-center elementor-widget elementor-widget-button\" data-id=\"4d2de94c\" data-element_type=\"widget\" data-e-type=\"widget\" data-widget_type=\"button.default\">\n\t\t\t\t\t\t\t\t\t\t<a class=\"elementor-button elementor-button-link elementor-size-sm\" href=\"\/fr\/services\/#formular\" form=\"\">\n\t\t\t\t\t\t<span class=\"elementor-button-content-wrapper\">\n\t\t\t\t\t\t\t\t\t<span class=\"elementor-button-text\">Vers le formulaire de demande<\/span>\n\t\t\t\t\t<\/span>\n\t\t\t\t\t<\/a>\n\t\t\t\t\t\t\t\t<\/div>\n\t\t\t\t<\/div>\n\t\t\t\t\t<\/div>\n\t\t\t\t<\/div>\n\t\t\t\t<\/div>\n\t\t","protected":false},"excerpt":{"rendered":"<p>Swiss Work AGFalknerstrasse 44051 BaselT\u00e9l 061 260 10 80Fax 061 260 10 81basel@swissworkag.ch Kim EbenerConsultant en recrutement \/ Resp. d&rsquo;agence adjointe061 260 10 82kim.ebener@swissworkag.ch Bianca EcksteinConsultant en recrutement061 260 10 83bianca.eckstein@swissworkag.ch Alessandro CinoConsultant en recrutement061 260 10 84alessandro.cino@swissworkag.ch Elias R\u00fcschConsultant en recrutement061 260 10 85elias.ruesch@swissworkag.ch Laurent Sch\u00fcpbachAssistant RH et administratif061 261 67 02laurent.schuepbach@swissworkag.ch Jeannine FrutigDirection [&hellip;]<\/p>\n","protected":false},"author":1,"featured_media":0,"parent":21614,"menu_order":0,"comment_status":"closed","ping_status":"closed","template":"","meta":{"_acf_changed":false,"_seopress_robots_primary_cat":"","_seopress_titles_title":"Swiss Work AG B\u00e2le \u2013 Emplois temporaires et fixes \u00e0 B\u00e2le","_seopress_titles_desc":"L\u2019agence de B\u00e2le de Swiss Work AG propose des emplois temporaires et fixes \u00e0 B\u00e2le et dans les environs.","_seopress_robots_index":"","footnotes":""},"class_list":["post-21622","page","type-page","status-publish","hentry"],"acf":[],"_links":{"self":[{"href":"https:\/\/swissworkag.ch\/fr\/wp-json\/wp\/v2\/pages\/21622","targetHints":{"allow":["GET"]}}],"collection":[{"href":"https:\/\/swissworkag.ch\/fr\/wp-json\/wp\/v2\/pages"}],"about":[{"href":"https:\/\/swissworkag.ch\/fr\/wp-json\/wp\/v2\/types\/page"}],"author":[{"embeddable":true,"href":"https:\/\/swissworkag.ch\/fr\/wp-json\/wp\/v2\/users\/1"}],"replies":[{"embeddable":true,"href":"https:\/\/swissworkag.ch\/fr\/wp-json\/wp\/v2\/comments?post=21622"}],"version-history":[{"count":12,"href":"https:\/\/swissworkag.ch\/fr\/wp-json\/wp\/v2\/pages\/21622\/revisions"}],"predecessor-version":[{"id":67696,"href":"https:\/\/swissworkag.ch\/fr\/wp-json\/wp\/v2\/pages\/21622\/revisions\/67696"}],"up":[{"embeddable":true,"href":"https:\/\/swissworkag.ch\/fr\/wp-json\/wp\/v2\/pages\/21614"}],"wp:attachment":[{"href":"https:\/\/swissworkag.ch\/fr\/wp-json\/wp\/v2\/media?parent=21622"}],"curies":[{"name":"wp","href":"https:\/\/api.w.org\/{rel}","templated":true}]}}