{"id":21614,"date":"2025-11-24T09:26:59","date_gmt":"2025-11-24T08:26:59","guid":{"rendered":"https:\/\/swissworkag.nextron.org\/?page_id=21614"},"modified":"2026-04-14T10:33:00","modified_gmt":"2026-04-14T08:33:00","slug":"sites","status":"publish","type":"page","link":"https:\/\/swissworkag.ch\/fr\/sites\/","title":{"rendered":"Sites"},"content":{"rendered":"\t\t<div data-elementor-type=\"wp-page\" data-elementor-id=\"21614\" class=\"elementor elementor-21614 elementor-10191\" data-elementor-post-type=\"page\">\n\t\t\t\t<a class=\"elementor-element elementor-element-2702fe53 e-flex e-con-boxed e-con e-parent\" data-id=\"2702fe53\" data-element_type=\"container\" data-e-type=\"container\" href=\"https:\/\/swissworkag.ch\/standorte\/basel\/\">\n\t\t\t\t\t<div class=\"e-con-inner\">\n\t\t<div class=\"elementor-element elementor-element-56536c71 e-con-full e-flex e-con e-child\" data-id=\"56536c71\" data-element_type=\"container\" data-e-type=\"container\" data-settings=\"{&quot;background_background&quot;:&quot;classic&quot;}\">\n\t\t<div class=\"elementor-element elementor-element-253956b9 e-con-full e-flex e-con e-child\" data-id=\"253956b9\" data-element_type=\"container\" data-e-type=\"container\">\n\t\t\t\t<div class=\"elementor-element elementor-element-39fe22e4 elementor-widget elementor-widget-heading\" data-id=\"39fe22e4\" data-element_type=\"widget\" data-e-type=\"widget\" data-widget_type=\"heading.default\">\n\t\t\t\t\t<h3 class=\"elementor-heading-title elementor-size-default\"><a href=\"\/fr\/sites\/bale\">R\u00e9gion de B\u00e2le<\/a><\/h3>\t\t\t\t<\/div>\n\t\t\t\t<div class=\"elementor-element elementor-element-1347aab5 elementor-widget elementor-widget-text-editor\" data-id=\"1347aab5\" data-element_type=\"widget\" data-e-type=\"widget\" data-widget_type=\"text-editor.default\">\n\t\t\t\t\t\t\t\t\t<p><strong>Swiss Work AG<\/strong><br \/><strong>Falknerstrasse 4<\/strong><br \/><strong>4051 Basel<\/strong><br \/>T\u00e9l 061 260 10 80<br \/><a href=\"mailto:basel@swissworkag.ch\">basel@swissworkag.ch<\/a><\/p>\t\t\t\t\t\t\t\t<\/div>\n\t\t\t\t<div class=\"elementor-element elementor-element-1a5f168 elementor-widget elementor-widget-button\" data-id=\"1a5f168\" data-element_type=\"widget\" data-e-type=\"widget\" data-widget_type=\"button.default\">\n\t\t\t\t\t\t\t\t\t\t<a class=\"elementor-button elementor-button-link elementor-size-sm\" href=\"\/fr\/sites\/bale\/\">\n\t\t\t\t\t\t<span class=\"elementor-button-content-wrapper\">\n\t\t\t\t\t\t\t\t\t<span class=\"elementor-button-text\">Acc\u00e9der au site de B\u00e2le<\/span>\n\t\t\t\t\t<\/span>\n\t\t\t\t\t<\/a>\n\t\t\t\t\t\t\t\t<\/div>\n\t\t\t\t<\/div>\n\t\t\t\t<\/div>\n\t\t\t\t\t<\/div>\n\t\t\t\t<\/a>\n\t\t<div class=\"elementor-element elementor-element-ed1a16a e-flex e-con-boxed e-con e-parent\" data-id=\"ed1a16a\" data-element_type=\"container\" data-e-type=\"container\">\n\t\t\t\t\t<div class=\"e-con-inner\">\n\t\t\t\t<div class=\"elementor-element elementor-element-0b9c2bc elementor-widget elementor-widget-spacer\" data-id=\"0b9c2bc\" data-element_type=\"widget\" data-e-type=\"widget\" data-widget_type=\"spacer.default\">\n\t\t\t\t\t\t\t<div class=\"elementor-spacer\">\n\t\t\t<div class=\"elementor-spacer-inner\"><\/div>\n\t\t<\/div>\n\t\t\t\t\t\t<\/div>\n\t\t\t\t\t<\/div>\n\t\t\t\t<\/div>\n\t\t<a class=\"elementor-element elementor-element-4090d717 e-flex e-con-boxed e-con e-parent\" data-id=\"4090d717\" data-element_type=\"container\" data-e-type=\"container\" href=\"https:\/\/swissworkag.ch\/standorte\/bern\/\">\n\t\t\t\t\t<div class=\"e-con-inner\">\n\t\t<div class=\"elementor-element elementor-element-33660a5a e-con-full e-flex e-con e-child\" data-id=\"33660a5a\" data-element_type=\"container\" data-e-type=\"container\" data-settings=\"{&quot;background_background&quot;:&quot;classic&quot;}\">\n\t\t<div class=\"elementor-element elementor-element-49120278 e-con-full e-flex e-con e-child\" data-id=\"49120278\" data-element_type=\"container\" data-e-type=\"container\">\n\t\t\t\t<div class=\"elementor-element elementor-element-2c275339 elementor-widget elementor-widget-heading\" data-id=\"2c275339\" data-element_type=\"widget\" data-e-type=\"widget\" data-widget_type=\"heading.default\">\n\t\t\t\t\t<h3 class=\"elementor-heading-title elementor-size-default\"><a href=\"\/fr\/sites\/berne\">R\u00e9gion de Berne<\/a><\/h3>\t\t\t\t<\/div>\n\t\t\t\t<div class=\"elementor-element elementor-element-26b59866 elementor-widget elementor-widget-text-editor\" data-id=\"26b59866\" data-element_type=\"widget\" data-e-type=\"widget\" data-widget_type=\"text-editor.default\">\n\t\t\t\t\t\t\t\t\t<p><strong>Swiss Work AG<\/strong><br \/><strong>Gartenstrasse 2<\/strong><br \/><strong>3110 M\u00fcnsingen<\/strong><br \/>T\u00e9l 031 310 42 00<br \/><a href=\"mailto:bern@swissworkag.ch\">bern@swissworkag.ch<\/a><\/p>\t\t\t\t\t\t\t\t<\/div>\n\t\t\t\t<div class=\"elementor-element elementor-element-b0508f5 elementor-widget elementor-widget-button\" data-id=\"b0508f5\" data-element_type=\"widget\" data-e-type=\"widget\" data-widget_type=\"button.default\">\n\t\t\t\t\t\t\t\t\t\t<a class=\"elementor-button elementor-button-link elementor-size-sm\" href=\"\/fr\/sites\/berne\">\n\t\t\t\t\t\t<span class=\"elementor-button-content-wrapper\">\n\t\t\t\t\t\t\t\t\t<span class=\"elementor-button-text\">Acc\u00e9der au site de Berne<\/span>\n\t\t\t\t\t<\/span>\n\t\t\t\t\t<\/a>\n\t\t\t\t\t\t\t\t<\/div>\n\t\t\t\t<\/div>\n\t\t\t\t<\/div>\n\t\t\t\t\t<\/div>\n\t\t\t\t<\/a>\n\t\t<div class=\"elementor-element elementor-element-8048024 e-flex e-con-boxed e-con e-parent\" data-id=\"8048024\" data-element_type=\"container\" data-e-type=\"container\">\n\t\t\t\t\t<div class=\"e-con-inner\">\n\t\t\t\t<div class=\"elementor-element elementor-element-965b083 elementor-widget elementor-widget-spacer\" data-id=\"965b083\" data-element_type=\"widget\" data-e-type=\"widget\" data-widget_type=\"spacer.default\">\n\t\t\t\t\t\t\t<div class=\"elementor-spacer\">\n\t\t\t<div class=\"elementor-spacer-inner\"><\/div>\n\t\t<\/div>\n\t\t\t\t\t\t<\/div>\n\t\t\t\t\t<\/div>\n\t\t\t\t<\/div>\n\t\t<a class=\"elementor-element elementor-element-7e99eff0 e-flex e-con-boxed e-con e-parent\" data-id=\"7e99eff0\" data-element_type=\"container\" data-e-type=\"container\" href=\"https:\/\/swissworkag.ch\/standorte\/tessin\/\">\n\t\t\t\t\t<div class=\"e-con-inner\">\n\t\t<div class=\"elementor-element elementor-element-5e4a41e6 e-con-full e-flex e-con e-child\" data-id=\"5e4a41e6\" data-element_type=\"container\" data-e-type=\"container\" data-settings=\"{&quot;background_background&quot;:&quot;classic&quot;}\">\n\t\t<div class=\"elementor-element elementor-element-12e7c2c1 e-con-full e-flex e-con e-child\" data-id=\"12e7c2c1\" data-element_type=\"container\" data-e-type=\"container\">\n\t\t\t\t<div class=\"elementor-element elementor-element-c2dbcf5 elementor-widget elementor-widget-heading\" data-id=\"c2dbcf5\" data-element_type=\"widget\" data-e-type=\"widget\" data-widget_type=\"heading.default\">\n\t\t\t\t\t<h3 class=\"elementor-heading-title elementor-size-default\"><a href=\"\/fr\/sites\/tessin\">R\u00e9gion du Tessin<\/a><\/h3>\t\t\t\t<\/div>\n\t\t\t\t<div class=\"elementor-element elementor-element-466df631 elementor-widget elementor-widget-text-editor\" data-id=\"466df631\" data-element_type=\"widget\" data-e-type=\"widget\" data-widget_type=\"text-editor.default\">\n\t\t\t\t\t\t\t\t\t<p><strong>Swiss Work SA<\/strong><br \/><strong>Palazzo Gaja<\/strong><br \/><strong>Via Pian Scairolo 11<\/strong><br \/><strong>6915 Pambio Noranco (Lugano)<\/strong><br \/>T\u00e9l 091 986 70 00<br \/><a href=\"mailto:lugano@swissworkag.ch\">lugano@swissworkag.ch<\/a><\/p>\t\t\t\t\t\t\t\t<\/div>\n\t\t\t\t<div class=\"elementor-element elementor-element-616d7e6 elementor-widget elementor-widget-button\" data-id=\"616d7e6\" data-element_type=\"widget\" data-e-type=\"widget\" data-widget_type=\"button.default\">\n\t\t\t\t\t\t\t\t\t\t<a class=\"elementor-button elementor-button-link elementor-size-sm\" href=\"\/fr\/sites\/tessin\">\n\t\t\t\t\t\t<span class=\"elementor-button-content-wrapper\">\n\t\t\t\t\t\t\t\t\t<span class=\"elementor-button-text\">Acc\u00e9der au site du Tessin<\/span>\n\t\t\t\t\t<\/span>\n\t\t\t\t\t<\/a>\n\t\t\t\t\t\t\t\t<\/div>\n\t\t\t\t<\/div>\n\t\t\t\t<\/div>\n\t\t\t\t\t<\/div>\n\t\t\t\t<\/a>\n\t\t<div class=\"elementor-element elementor-element-6195a69 e-flex e-con-boxed e-con e-parent\" data-id=\"6195a69\" data-element_type=\"container\" data-e-type=\"container\">\n\t\t\t\t\t<div class=\"e-con-inner\">\n\t\t\t\t<div class=\"elementor-element elementor-element-5018b7d elementor-widget elementor-widget-spacer\" data-id=\"5018b7d\" data-element_type=\"widget\" data-e-type=\"widget\" data-widget_type=\"spacer.default\">\n\t\t\t\t\t\t\t<div class=\"elementor-spacer\">\n\t\t\t<div class=\"elementor-spacer-inner\"><\/div>\n\t\t<\/div>\n\t\t\t\t\t\t<\/div>\n\t\t\t\t\t<\/div>\n\t\t\t\t<\/div>\n\t\t\t\t<\/div>\n\t\t","protected":false},"excerpt":{"rendered":"<p>R\u00e9gion de B\u00e2le Swiss Work AGFalknerstrasse 44051 BaselT\u00e9l 061 260 10 80basel@swissworkag.ch Acc\u00e9der au site de B\u00e2le R\u00e9gion de Berne Swiss Work AGGartenstrasse 23110 M\u00fcnsingenT\u00e9l 031 310 42 00bern@swissworkag.ch Acc\u00e9der au site de Berne R\u00e9gion du Tessin Swiss Work SAPalazzo GajaVia Pian Scairolo 116915 Pambio Noranco (Lugano)T\u00e9l 091 986 70 00lugano@swissworkag.ch Acc\u00e9der au site du [&hellip;]<\/p>\n","protected":false},"author":1,"featured_media":0,"parent":0,"menu_order":0,"comment_status":"closed","ping_status":"closed","template":"","meta":{"_acf_changed":false,"_seopress_robots_primary_cat":"","_seopress_titles_title":"Agences et succursales en Suisse | Swiss Work AG","_seopress_titles_desc":"Trouvez l\u2019agence Swiss Work AG la plus proche. Pr\u00e9sente \u00e0 B\u00e2le, Berne, Lausanne, Neuch\u00e2tel, Lugano, Brissago et ailleurs.","_seopress_robots_index":"","footnotes":""},"class_list":["post-21614","page","type-page","status-publish","hentry"],"acf":[],"_links":{"self":[{"href":"https:\/\/swissworkag.ch\/fr\/wp-json\/wp\/v2\/pages\/21614","targetHints":{"allow":["GET"]}}],"collection":[{"href":"https:\/\/swissworkag.ch\/fr\/wp-json\/wp\/v2\/pages"}],"about":[{"href":"https:\/\/swissworkag.ch\/fr\/wp-json\/wp\/v2\/types\/page"}],"author":[{"embeddable":true,"href":"https:\/\/swissworkag.ch\/fr\/wp-json\/wp\/v2\/users\/1"}],"replies":[{"embeddable":true,"href":"https:\/\/swissworkag.ch\/fr\/wp-json\/wp\/v2\/comments?post=21614"}],"version-history":[{"count":8,"href":"https:\/\/swissworkag.ch\/fr\/wp-json\/wp\/v2\/pages\/21614\/revisions"}],"predecessor-version":[{"id":67695,"href":"https:\/\/swissworkag.ch\/fr\/wp-json\/wp\/v2\/pages\/21614\/revisions\/67695"}],"wp:attachment":[{"href":"https:\/\/swissworkag.ch\/fr\/wp-json\/wp\/v2\/media?parent=21614"}],"curies":[{"name":"wp","href":"https:\/\/api.w.org\/{rel}","templated":true}]}}